{"id":3316,"date":"2017-08-16T08:06:50","date_gmt":"2017-08-16T06:06:50","guid":{"rendered":"http:\/\/ubmp-bupb.org\/?page_id=3316"},"modified":"2025-04-28T19:40:07","modified_gmt":"2025-04-28T17:40:07","slug":"lid-worden","status":"publish","type":"page","link":"https:\/\/ubmp-bupb.org\/newsite\/nl\/members\/lid-worden\/","title":{"rendered":"Lid worden"},"content":{"rendered":"<h3>Lid worden van de Belgische Unie voor Professionele Bemiddelaars: toetredingsregeling<\/h3>\n<p>De BUPB is een professionele Unie die Bemiddelaars groepeert die werkzaam zijn op meerdere gebieden. Haar missie is om de Bemiddeling te bevorderen en de ontwikkeling van het beroep te verzekeren. De BUPB verwelkomt als aangesloten lid alle personen die interesse vertonen in haar activiteiten (bijvoorbeeld, vertrouwenspersonen, deskundigen, ouders&#8230;). Effectieve\u00a0 leden zijn professionele bemiddelaars.<\/p>\n<ul>\n<li><strong>EFFECTIEVE LEDEN<\/strong><\/li>\n<\/ul>\n<p>Effectieve leden zijn betrokken als professionals, in \u00e9\u00e9n of meerdere velden van bemiddeling, op het terrein of in de vormingen voor bemiddelaars. De bemiddelaar is iemand die gevormd is om als derde op te treden, objectief en onafhankelijk van elke partij, tussen mensen of groepen die toestemmen, en waarvan de missie het maken of het herstellen van verbindingen tussen hen is.<\/p>\n<ul>\n<li><strong>AANGESLOTEN LEDEN<\/strong><\/li>\n<\/ul>\n<p>De aangesloten leden zijn geen bemiddelaars. Door hun advies en hun inschrijvingen dragen ze bij tot het welzijn van de Unie.<\/p>\n<ul>\n<li><strong>\u00a0<\/strong><strong>DE TEKSTEN<\/strong><\/li>\n<\/ul>\n<p>Volgens onze statuten verklaren de leden\u00a0 zich te verbinden aan de statuten en de andere stichtende documenten van de UMBP-BUPB-BUPM en ze te respecteren; dit wil zeggen, het <a href=\"https:\/\/ubmp-bupb.org\/newsite\/nl\/members\/deontologie\/handvest-van-bupb\/\">handvest,<\/a>\u00a0de <a href=\"https:\/\/ubmp-bupb.org\/newsite\/nl\/members\/deontologie\/convenant-van-solidariteit\/\">convenant<\/a>\u00a0en de statuten. Ze kunnen <a href=\"http:\/\/ubmp-bupb.org\/newsite\/wp-content\/uploads\/2020\/03\/statuts-01-ubmp.pdf\">hier<\/a> geraadpleegd worden.<\/p>\n<ul>\n<li><strong>INLICHTINGEN<\/strong><\/li>\n<\/ul>\n<p>Voor meer informatie kan u ons contacteren via \u00a0:<\/p>\n<ul>\n<li>\u00e9\u00e9n van onze directeurs<\/li>\n<li>per tel. 0488 267 242.<\/li>\n<li>per Email op volgend adres :\u00a0 <a href=\"mailto:contact@ubmp-bupb.org\">contact@ubmp-bupb.org<\/a><\/li>\n<\/ul>\n<ul>\n<li><strong>KANDIDATUUR<\/strong><\/li>\n<\/ul>\n<ul>\n<li>Vul het formulier online in<\/li>\n<li>Voeg er een motivatiebrief bij<\/li>\n<li>Voeg er uw CV bij<\/li>\n<li>Voeg er uw bemiddelingscertificaten bij<\/li>\n<\/ul>\n<p>Met deze informatie zal de Raad van Bestuur de relevantie van uw aanvraag beter kunnen beoordelen. Na ontvangst van een gunstig advies, kan u de betaling van de bijdrage verrichten en dit binnen 14 dagen na ontvangst van de beslissing.<\/p>\n<ul>\n<li><strong>LIDGELD \u2013 LEDEN: AANGESLOTEN of EFFECTIEF<\/strong><\/li>\n<\/ul>\n<p>De jaarlijkse bijdrage is te storten op het rekeningnummer van de UBMP-BUPB-BUPM\u00a0met de mededeling \u201clidgeld + uw naam\u201d (IBAN = BE98 0003-2526-9793\u00a0 BIC = BPOTBEB1).<\/p>\n<p>Bedrag van de bijdrage:<\/p>\n<p>\u2013 Aangesloten lid: 30 \u20ac<br \/>\n\u2013 Effectief lid: 50\u20ac<br \/>\n\u2013 Groepen &#8211; lid: 120\u20ac<\/p>\n<ul>\n<li><strong>BEROEPSVERZEKERING<\/strong><\/li>\n<\/ul>\n<p>De \u00a0effectieve leden hebben toegang tot een beroepsaansprakelijkheidsverzekering met groepskorting omwille van hun aansluiting bij het BUPB.<\/p>\n<p>Voor meer informatie zie <a href=\"https:\/\/ubmp-bupb.org\/newsite\/nl\/verzekering\/\">hier<\/a>.<\/p>\n<div class=\"frm_forms  with_frm_style frm_style_style-formidable\" id=\"frm_form_9_container\" >\n<form enctype=\"multipart\/form-data\" method=\"post\" class=\"frm-show-form \" id=\"form_gs5ai4\" >\n<div class=\"frm_form_fields \">\n<fieldset>\n\r\n<div class=\"frm_fields_container\">\n<input type=\"hidden\" name=\"frm_action\" value=\"create\" \/>\n<input type=\"hidden\" name=\"form_id\" value=\"9\" \/>\n<input type=\"hidden\" name=\"frm_hide_fields_9\" id=\"frm_hide_fields_9\" value=\"\" \/>\n<input type=\"hidden\" name=\"form_key\" value=\"gs5ai4\" \/>\n<input type=\"hidden\" name=\"item_meta[0]\" value=\"\" \/>\n<input type=\"hidden\" id=\"frm_submit_entry_9\" name=\"frm_submit_entry_9\" value=\"1d10fa73bd\" \/><input type=\"hidden\" name=\"_wp_http_referer\" value=\"\/newsite\/wp-json\/wp\/v2\/pages\/3316\" \/><div id=\"frm_field_131_container\" class=\"frm_form_field form-field  frm_required_field frm_top_container vertical_radio\">\r\n    <label  class=\"frm_primary_label\">Civilit\u00e9\/Aanspreektitel\r\n        <span class=\"frm_required\">*<\/span>\r\n    <\/label>\r\n    \t\t<div class=\"frm_radio\" id=\"frm_radio_131-0\">\t\t\t<label  for=\"field_qt4hf9-0\">\n\t\t\t\t\t<input type=\"radio\" name=\"item_meta[131]\" id=\"field_qt4hf9-0\" value=\"Mme\/Mevr\"\n\t\t   data-reqmsg=\"Ce champ doit \u00eatre compl\u00e9t\u00e9\" data-invmsg=\"Civilit\u00e9\/Aanspreektitel is ongeldig\" aria-invalid=\"false\"  \/> Mme\/Mevr<\/label><\/div>\n\t\t<div class=\"frm_radio\" id=\"frm_radio_131-1\">\t\t\t<label  for=\"field_qt4hf9-1\">\n\t\t\t\t\t<input type=\"radio\" name=\"item_meta[131]\" id=\"field_qt4hf9-1\" value=\"Mr\/Dhr\"\n\t\t   data-reqmsg=\"Ce champ doit \u00eatre compl\u00e9t\u00e9\" data-invmsg=\"Civilit\u00e9\/Aanspreektitel is ongeldig\" aria-invalid=\"false\"  \/> Mr\/Dhr<\/label><\/div>\n\r\n    \r\n    \r\n<\/div>\n<div id=\"frm_field_94_container\" class=\"frm_form_field form-field  frm_required_field frm_top_container\">\r\n    <label for=\"field_gu8kee\" class=\"frm_primary_label\">Pr\u00e9nom\/Voornaam\r\n        <span class=\"frm_required\">*<\/span>\r\n    <\/label>\r\n    <input type=\"text\" id=\"field_gu8kee\" name=\"item_meta[94]\" value=\"\"  data-reqmsg=\"Ce champ doit \u00eatre compl\u00e9t\u00e9\" aria-required=\"true\" data-invmsg=\"Pr\u00e9nom\/Voornaam est non valide\" aria-invalid=\"false\"  \/>\r\n    \r\n    \r\n<\/div>\n<div id=\"frm_field_95_container\" class=\"frm_form_field form-field  frm_required_field frm_top_container\">\r\n    <label for=\"field_fp9t7z\" class=\"frm_primary_label\">Nom\/Naam\r\n        <span class=\"frm_required\">*<\/span>\r\n    <\/label>\r\n    <input type=\"text\" id=\"field_fp9t7z\" name=\"item_meta[95]\" value=\"\"  data-reqmsg=\"Ce champ doit \u00eatre compl\u00e9t\u00e9\" aria-required=\"true\" data-invmsg=\"Nom\/Naam est non valide\" aria-invalid=\"false\"  \/>\r\n    \r\n    \r\n<\/div>\n<div id=\"frm_field_102_container\" class=\"frm_form_field form-field frm_top_container\">\r\n<h2 class=\"frm_pos_ frm_primary_label[collapse_class]\">Adresse\/Adres<\/h2>\r\n\r\n\r\n<\/div>\n<div id=\"frm_field_96_container\" class=\"frm_form_field form-field  frm_required_field frm_top_container\">\r\n    <label for=\"field_kbv49e\" class=\"frm_primary_label\">Rue\/Straat\r\n        <span class=\"frm_required\">*<\/span>\r\n    <\/label>\r\n    <input type=\"text\" id=\"field_kbv49e\" name=\"item_meta[96]\" value=\"\"  data-reqmsg=\"Ce champ doit \u00eatre compl\u00e9t\u00e9\" aria-required=\"true\" data-invmsg=\"Rue\/Straat est non valide\" aria-invalid=\"false\"   aria-describedby=\"frm_desc_field_kbv49e\"\/>\r\n    <div id=\"frm_desc_field_kbv49e\" class=\"frm_description\"> <\/div>\r\n    \r\n<\/div>\n<div id=\"frm_field_97_container\" class=\"frm_form_field form-field  frm_required_field frm_top_container\">\r\n    <label for=\"field_f05uok\" class=\"frm_primary_label\">Num\u00e9ro\/Huisnummer\r\n        <span class=\"frm_required\">*<\/span>\r\n    <\/label>\r\n    <input type=\"number\" id=\"field_f05uok\" name=\"item_meta[97]\" value=\"\"  data-reqmsg=\"Ce champ doit \u00eatre compl\u00e9t\u00e9\" aria-required=\"true\" data-invmsg=\"Num\u00e9ro is invalid\" aria-invalid=\"false\"   min=\"0\" max=\"9999\" step=\"1\"\/>\r\n    \r\n    \r\n<\/div>\n<div id=\"frm_field_98_container\" class=\"frm_form_field form-field  frm_required_field frm_top_container\">\r\n    <label for=\"field_8hj14k\" class=\"frm_primary_label\">Code postal\/Postcode\r\n        <span class=\"frm_required\">*<\/span>\r\n    <\/label>\r\n    <input type=\"number\" id=\"field_8hj14k\" name=\"item_meta[98]\" value=\"\"  data-reqmsg=\"Ce champ doit \u00eatre compl\u00e9t\u00e9\" aria-required=\"true\" data-invmsg=\"Code postal is invalid\" aria-invalid=\"false\"   min=\"0\" max=\"9999\" step=\"1\"\/>\r\n    \r\n    \r\n<\/div>\n<div id=\"frm_field_99_container\" class=\"frm_form_field form-field  frm_required_field frm_top_container\">\r\n    <label for=\"field_y7sbuh\" class=\"frm_primary_label\">Ville\/Woonplaats\/Stad\r\n        <span class=\"frm_required\">*<\/span>\r\n    <\/label>\r\n    <input type=\"text\" id=\"field_y7sbuh\" name=\"item_meta[99]\" value=\"\"  data-reqmsg=\"Ce champ doit \u00eatre compl\u00e9t\u00e9\" aria-required=\"true\" data-invmsg=\"Ville\/Woonplaats\/Stad est non valide\" aria-invalid=\"false\"  \/>\r\n    \r\n    \r\n<\/div>\n<div id=\"frm_field_590_container\" class=\"frm_form_field form-field  frm_top_container\">\r\n    <label for=\"field_54rs89\" id=\"field_54rs89_label\" class=\"frm_primary_label\">Section de fin\r\n        <span class=\"frm_required\" aria-hidden=\"true\"><\/span>\r\n    <\/label>\r\n    <input type=\"text\" id=\"field_54rs89\" name=\"item_meta[590]\" value=\"\"  data-invmsg=\"Section de fin is ongeldig\" aria-invalid=\"false\"  \/>\r\n    \r\n    \r\n<\/div>\n<div id=\"frm_field_105_container\" class=\"frm_form_field form-field frm_top_container\">\r\n<h2 class=\"frm_pos_ frm_primary_label[collapse_class]\">Contact\/Contact<\/h2>\r\n\r\n\r\n<\/div>\n<div id=\"frm_field_106_container\" class=\"frm_form_field form-field  frm_required_field frm_top_container\">\r\n    <label for=\"field_xk0scs\" class=\"frm_primary_label\">Tel 1\r\n        <span class=\"frm_required\">*<\/span>\r\n    <\/label>\r\n    <input type=\"tel\" id=\"field_xk0scs\" name=\"item_meta[106]\" value=\"\"  style=\"width:135px\" data-reqmsg=\"Ce champ doit \u00eatre compl\u00e9t\u00e9\" aria-required=\"true\" data-invmsg=\"T\u00e9l\u00e9phone 1 is invalid\" class=\"auto_width\" aria-invalid=\"false\" pattern=\"((\\+\\d{1,3}(-|.| )?\\(?\\d\\)?(-| |.)?\\d{1,5})|(\\(?\\d{2,6}\\)?))(-|.| )?(\\d{3,4})(-|.| )?(\\d{4})(( x| ext)\\d{1,5}){0,1}$\"  \/>\r\n    \r\n    \r\n<\/div>\n<div id=\"frm_field_108_container\" class=\"frm_form_field form-field  frm_top_container\">\r\n    <label for=\"field_szruve\" class=\"frm_primary_label\">Tel 2\r\n        <span class=\"frm_required\"><\/span>\r\n    <\/label>\r\n    <input type=\"tel\" id=\"field_szruve\" name=\"item_meta[108]\" value=\"\"  style=\"width:135px\" data-invmsg=\"T\u00e9l\u00e9phone 2 is invalid\" class=\"auto_width\" aria-invalid=\"false\" pattern=\"((\\+\\d{1,3}(-|.| )?\\(?\\d\\)?(-| |.)?\\d{1,5})|(\\(?\\d{2,6}\\)?))(-|.| )?(\\d{3,4})(-|.| )?(\\d{4})(( x| ext)\\d{1,5}){0,1}$\"  \/>\r\n    \r\n    \r\n<\/div>\n<div id=\"frm_field_100_container\" class=\"frm_form_field form-field  frm_required_field frm_top_container\">\r\n    <label for=\"field_c1zk2z\" class=\"frm_primary_label\">Email\r\n        <span class=\"frm_required\">*<\/span>\r\n    <\/label>\r\n    <input type=\"email\" id=\"field_c1zk2z\" name=\"item_meta[100]\" value=\"\"  data-reqmsg=\"Ce champ doit \u00eatre compl\u00e9t\u00e9\" aria-required=\"true\" data-invmsg=\"Email incorrect\" aria-invalid=\"false\"  \/>\r\n    \r\n    \r\n<\/div>\n<div id=\"frm_field_101_container\" class=\"frm_form_field form-field  frm_top_container\">\r\n    <label for=\"field_je4b2p\" class=\"frm_primary_label\">Site web\/Website\r\n        <span class=\"frm_required\"><\/span>\r\n    <\/label>\r\n    <input type=\"url\" id=\"field_je4b2p\" name=\"item_meta[101]\" value=\"\"  data-invmsg=\"Adresse du site web incorrecte\" aria-invalid=\"false\"  \/>\r\n    \r\n    \r\n<\/div>\n<div id=\"frm_field_591_container\" class=\"frm_form_field form-field  frm_top_container\">\r\n    <label for=\"field_54rs892\" id=\"field_54rs892_label\" class=\"frm_primary_label\">Section de fin\r\n        <span class=\"frm_required\" aria-hidden=\"true\"><\/span>\r\n    <\/label>\r\n    <input type=\"text\" id=\"field_54rs892\" name=\"item_meta[591]\" value=\"\"  data-invmsg=\"Section de fin is ongeldig\" aria-invalid=\"false\"  \/>\r\n    \r\n    \r\n<\/div>\n<div id=\"frm_field_104_container\" class=\"frm_form_field form-field frm_top_container\">\r\n<h2 class=\"frm_pos_ frm_primary_label[collapse_class]\">Formations\/Opleidingen<\/h2>\r\n\r\n\r\n<\/div>\n<div id=\"frm_field_109_container\" class=\"frm_form_field form-field  frm_top_container\">\r\n    <label for=\"field_yajdjv\" class=\"frm_primary_label\">Formation(s) initiale(s)\/Basisopleidingen(en)\r\n        <span class=\"frm_required\"><\/span>\r\n    <\/label>\r\n    <textarea name=\"item_meta[109]\" id=\"field_yajdjv\" rows=\"5\"  data-invmsg=\"Formation(s) initiale(s)\/Basisopleidingen(en) is ongeldig\" aria-invalid=\"false\"  ><\/textarea>\r\n    \r\n    \r\n<\/div>\n<div id=\"frm_field_110_container\" class=\"frm_form_field form-field  frm_top_container\">\r\n    <label for=\"field_rgdjut\" class=\"frm_primary_label\">Formation(s) en m\u00e9diation\/Opleiding(en) in bemiddeling\r\n        <span class=\"frm_required\"><\/span>\r\n    <\/label>\r\n    <textarea name=\"item_meta[110]\" id=\"field_rgdjut\" rows=\"5\"  data-invmsg=\"Formation(s) en m\u00e9diation\/Opleiding(en) in bemiddeling is ongeldig\" aria-invalid=\"false\"  ><\/textarea>\r\n    \r\n    \r\n<\/div>\n<div id=\"frm_field_592_container\" class=\"frm_form_field form-field  frm_top_container\">\r\n    <label for=\"field_54rs893\" id=\"field_54rs893_label\" class=\"frm_primary_label\">Section de fin\r\n        <span class=\"frm_required\" aria-hidden=\"true\"><\/span>\r\n    <\/label>\r\n    <input type=\"text\" id=\"field_54rs893\" name=\"item_meta[592]\" value=\"\"  data-invmsg=\"Section de fin is ongeldig\" aria-invalid=\"false\"  \/>\r\n    \r\n    \r\n<\/div>\n<div id=\"frm_field_114_container\" class=\"frm_form_field form-field frm_top_container\">\r\n<h2 class=\"frm_pos_ frm_primary_label[collapse_class]\">Engagement d\u00e9ontologique\/Deontologisch engagement<\/h2>\r\n\r\n\r\n<\/div>\n<div id=\"frm_field_121_container\" class=\"frm_form_field form-field  frm_required_field frm_top_container vertical_radio\">\r\n    <label  class=\"frm_primary_label\">J'ai lu et j'accepte la Charte de l'UBMP\/Het handvest van de BUPB werd gelezen en aanvaard\r\n        <span class=\"frm_required\">*<\/span>\r\n    <\/label>\r\n    \t\t<div class=\"frm_radio\" id=\"frm_radio_121-114-0\">\t\t\t<label  for=\"field_f5sebi-0\">\n\t\t\t\t\t<input type=\"radio\" name=\"item_meta[121]\" id=\"field_f5sebi-0\" value=\"OUI\/JA\"\n\t\t   data-reqmsg=\"Ce champ doit \u00eatre compl\u00e9t\u00e9\" data-invmsg=\"J&#039;ai lu et j&#039;accepte la Charte de l&#039;UBMP\/Het handvest van de BUPB werd gelezen en aanvaard is ongeldig\" aria-invalid=\"false\"  \/> OUI\/JA<\/label><\/div>\n\t\t<div class=\"frm_radio\" id=\"frm_radio_121-114-1\">\t\t\t<label  for=\"field_f5sebi-1\">\n\t\t\t\t\t<input type=\"radio\" name=\"item_meta[121]\" id=\"field_f5sebi-1\" value=\"NON\/NEEN\"\n\t\t   data-reqmsg=\"Ce champ doit \u00eatre compl\u00e9t\u00e9\" data-invmsg=\"J&#039;ai lu et j&#039;accepte la Charte de l&#039;UBMP\/Het handvest van de BUPB werd gelezen en aanvaard is ongeldig\" aria-invalid=\"false\"  \/> NON\/NEEN<\/label><\/div>\n\r\n    \r\n    \r\n<\/div>\n<div id=\"frm_field_123_container\" class=\"frm_form_field form-field  frm_required_field frm_top_container vertical_radio\">\r\n    <label  class=\"frm_primary_label\">J'ai lu et j'accepte le Pacte de l'UBMP\/Het convenant van de BUPB werd gelezen en goedgekeurd\r\n        <span class=\"frm_required\">*<\/span>\r\n    <\/label>\r\n    \t\t<div class=\"frm_radio\" id=\"frm_radio_123-114-0\">\t\t\t<label  for=\"field_gl9bfa-0\">\n\t\t\t\t\t<input type=\"radio\" name=\"item_meta[123]\" id=\"field_gl9bfa-0\" value=\"OUI\/JA\"\n\t\t   data-reqmsg=\"Ce champ doit \u00eatre compl\u00e9t\u00e9\" data-invmsg=\"J&#039;ai lu et j&#039;accepte le Pacte de l&#039;UBMP\/Het convenant van de BUPB werd gelezen en goedgekeurd is ongeldig\" aria-invalid=\"false\"  \/> OUI\/JA<\/label><\/div>\n\t\t<div class=\"frm_radio\" id=\"frm_radio_123-114-1\">\t\t\t<label  for=\"field_gl9bfa-1\">\n\t\t\t\t\t<input type=\"radio\" name=\"item_meta[123]\" id=\"field_gl9bfa-1\" value=\"NON\/NEEN\"\n\t\t   data-reqmsg=\"Ce champ doit \u00eatre compl\u00e9t\u00e9\" data-invmsg=\"J&#039;ai lu et j&#039;accepte le Pacte de l&#039;UBMP\/Het convenant van de BUPB werd gelezen en goedgekeurd is ongeldig\" aria-invalid=\"false\"  \/> NON\/NEEN<\/label><\/div>\n\r\n    \r\n    \r\n<\/div>\n<div id=\"frm_field_593_container\" class=\"frm_form_field form-field  frm_top_container\">\r\n    <label for=\"field_54rs894\" id=\"field_54rs894_label\" class=\"frm_primary_label\">Section de fin\r\n        <span class=\"frm_required\" aria-hidden=\"true\"><\/span>\r\n    <\/label>\r\n    <input type=\"text\" id=\"field_54rs894\" name=\"item_meta[593]\" value=\"\"  data-invmsg=\"Section de fin is ongeldig\" aria-invalid=\"false\"  \/>\r\n    \r\n    \r\n<\/div>\n<div id=\"frm_field_124_container\" class=\"frm_form_field form-field frm_top_container\">\r\n<h2 class=\"frm_pos_ frm_primary_label[collapse_class]\">Documents \u00e0 envoyer\/Te versturen documenten<\/h2>\r\n\r\n\r\n<\/div>\n<div id=\"frm_field_677_container\" class=\"frm_form_field form-field  frm_top_container frm12 frm_first\">\n    <label for=\"field_jcvyy\" id=\"field_jcvyy_label\" class=\"frm_primary_label\">Nous rencontrons de probl\u00e8mes techniques. Merci d'envoyer les 3 documents par email \u00e0 contact@ubmp-bupb.org \/ We hebben technische problemen. Stuur de 3 documenten per e-mail naar contact@ubmp-bupb.org\n        <span class=\"frm_required\" aria-hidden=\"true\"><\/span>\n    <\/label>\n    <input type=\"text\" id=\"field_jcvyy\" name=\"item_meta[677]\" value=\"\"  data-invmsg=\"texte est non valide\" aria-invalid=\"false\"  \/>\n    \n    \n<\/div>\n<div id=\"frm_field_133_container\" class=\"frm_form_field form-field  frm_top_container\">\r\n    <label for=\"field_f494b9\" class=\"frm_primary_label\">1 - Lettre de candidature\/Aanvraagsbrief\r\n        <span class=\"frm_required\"><\/span>\r\n    <\/label>\r\n    <input type=\"text\" id=\"field_f494b9\" name=\"item_meta[133]\" value=\"\"  data-invmsg=\"1 - Lettre de candidature\/Aanvraagsbrief is ongeldig\" aria-invalid=\"false\"  \/>\r\n    \r\n    \r\n<\/div>\n<div id=\"frm_field_134_container\" class=\"frm_form_field form-field  frm_top_container\">\r\n    <label for=\"field_18x362\" class=\"frm_primary_label\">2 - CV\r\n        <span class=\"frm_required\"><\/span>\r\n    <\/label>\r\n    <input type=\"text\" id=\"field_18x362\" name=\"item_meta[134]\" value=\"\"  data-invmsg=\"2 - CV is ongeldig\" aria-invalid=\"false\"  \/>\r\n    \r\n    \r\n<\/div>\n<div id=\"frm_field_136_container\" class=\"frm_form_field form-field  frm_top_container frm12 frm_first\">\r\n    <label for=\"field_3p895z\" class=\"frm_primary_label\">3 - Copie titre(s) de formation en m\u00e9diation\/Kopie van de behaalde academische titel(s) in bemiddeling\r\n        <span class=\"frm_required\"><\/span>\r\n    <\/label>\r\n    <input type=\"text\" id=\"field_3p895z\" name=\"item_meta[136]\" value=\"\"  data-invmsg=\"3 - Copie titre(s) de formation en m\u00e9diation\/Kopie van de behaalde academische titel(s) in bemiddeling is ongeldig\" aria-invalid=\"false\"   aria-describedby=\"frm_desc_field_3p895z\"\/>\r\n    <div id=\"frm_desc_field_3p895z\" class=\"frm_description\">Membre effectif : obligatoire - Membre adh\u00e9rent : facultatif\/effectief lid : verplicht -  aangesloten leden : facultatief<\/div>\r\n    \r\n<\/div>\n<div id=\"frm_field_126_container\" class=\"frm_form_field form-field  frm_top_container\">\r\n    <label for=\"field_578hr\" class=\"frm_primary_label\">Message (au besoin)\/bericht (indien nodig)\r\n        <span class=\"frm_required\"><\/span>\r\n    <\/label>\r\n    <textarea name=\"item_meta[126]\" id=\"field_578hr\" rows=\"5\"  data-invmsg=\"Message (au besoin)\/bericht (indien nodig) is ongeldig\" aria-invalid=\"false\"  ><\/textarea>\r\n    \r\n    \r\n<\/div>\n<div id=\"frm_field_119_container\" class=\"frm_form_field form-field  frm_required_field frm_top_container\">\r\n    <label for=\"field_vu8g4v\" class=\"frm_primary_label\">Date\/Datum\r\n        <span class=\"frm_required\">*<\/span>\r\n    <\/label>\r\n    <input type=\"text\" id=\"field_vu8g4v\" name=\"item_meta[119]\" value=\"\"  data-reqmsg=\"Ce champ doit \u00eatre compl\u00e9t\u00e9\" aria-required=\"true\" data-invmsg=\"Date\/Datum is ongeldig\" aria-invalid=\"false\"  \/>\r\n    \r\n    \r\n<\/div>\n<div id=\"frm_field_594_container\" class=\"frm_form_field form-field  frm_top_container\">\r\n    <label for=\"field_54rs895\" id=\"field_54rs895_label\" class=\"frm_primary_label\">Section de fin\r\n        <span class=\"frm_required\" aria-hidden=\"true\"><\/span>\r\n    <\/label>\r\n    <input type=\"text\" id=\"field_54rs895\" name=\"item_meta[594]\" value=\"\"  data-invmsg=\"Section de fin is ongeldig\" aria-invalid=\"false\"  \/>\r\n    \r\n    \r\n<\/div>\n<div id=\"frm_field_633_container\" class=\"frm_form_field form-field  frm_top_container\">\r\n    <label for=\"field_t8r5o\" id=\"field_t8r5o_label\" class=\"frm_primary_label\">Email\r\n        <span class=\"frm_required\" aria-hidden=\"true\"><\/span>\r\n    <\/label>\r\n    <input type=\"email\" id=\"field_t8r5o\" name=\"item_meta[633]\" value=\"\"  data-invmsg=\"Email est non valide\" aria-invalid=\"false\"  \/>\r\n    \r\n    \r\n<\/div>\n<div id=\"frm_field_634_container\" class=\"frm_form_field form-field  frm_top_container\">\r\n    <label for=\"field_amdyu\" id=\"field_amdyu_label\" class=\"frm_primary_label\">Email\r\n        <span class=\"frm_required\" aria-hidden=\"true\"><\/span>\r\n    <\/label>\r\n    <input type=\"email\" id=\"field_amdyu\" name=\"item_meta[634]\" value=\"\"  data-invmsg=\"Email est non valide\" aria-invalid=\"false\"  \/>\r\n    \r\n    \r\n<\/div>\n<div id=\"frm_field_635_container\" class=\"frm_form_field  frm_html_container form-field\"><\/div>\n<div id=\"frm_field_636_container\" class=\"frm_form_field form-field  frm_top_container frm12 frm_first\">\r\n    <label for=\"field_veaza\" id=\"field_veaza_label\" class=\"frm_primary_label\">Email\r\n        <span class=\"frm_required\" aria-hidden=\"true\"><\/span>\r\n    <\/label>\r\n    <input type=\"email\" id=\"field_veaza\" name=\"item_meta[636]\" value=\"\"  data-invmsg=\"Email est non valide\" aria-invalid=\"false\"  \/>\r\n    \r\n    \r\n<\/div>\n<input type=\"hidden\" name=\"item_meta[637]\" id=\"field_riwn\" value=\"\" data-frmval=\"\"\/>\n<input type=\"hidden\" name=\"item_meta[638]\" id=\"field_f6hao\" value=\"\" data-frmval=\"\"\/>\n<div id=\"frm_field_639_container\" class=\"frm_form_field form-field  frm_top_container\">\r\n    <label for=\"field_o7lv1\" id=\"field_o7lv1_label\" class=\"frm_primary_label\">Email\r\n        <span class=\"frm_required\" aria-hidden=\"true\"><\/span>\r\n    <\/label>\r\n    <input type=\"email\" id=\"field_o7lv1\" name=\"item_meta[639]\" value=\"\"  data-invmsg=\"Email est non valide\" aria-invalid=\"false\"  \/>\r\n    \r\n    \r\n<\/div>\n\t<input type=\"hidden\" name=\"item_key\" value=\"\" \/>\n\t\t\t<div id=\"frm_field_704_container\">\n\t\t\t<label for=\"field_invgj\" >\n\t\t\t\tIndien u een mens bent, laat dit veld leeg:.\t\t\t<\/label>\n\t\t\t<input  id=\"field_invgj\" type=\"text\" class=\"frm_form_field form-field frm_verify\" name=\"item_meta[704]\" value=\"\"  \/>\n\t\t<\/div>\n\t\t<input name=\"frm_state\" type=\"hidden\" value=\"gQ9ntxHVJqPsWtXiMA1pZDKBh+vVkMbvbA6q\/69\/lDw=\" \/><div class=\"frm_submit\">\r\n\r\n<input type=\"submit\" value=\"Envoyer\"  \/>\r\n<img decoding=\"async\" class=\"frm_ajax_loading\" src=\"https:\/\/i0.wp.com\/ubmp-bupb.org\/newsite\/wp-content\/plugins\/formidable\/images\/ajax_loader.gif?w=584&#038;ssl=1\" alt=\"Envoi\" style=\"visibility:hidden;\" data-recalc-dims=\"1\" \/>\r\n\r\n<\/div><\/div>\n<\/fieldset>\n<\/div>\n\n<p style=\"display: none !important;\" class=\"akismet-fields-container\" data-prefix=\"ak_\"><label>&#916;<textarea name=\"ak_hp_textarea\" cols=\"45\" rows=\"8\" maxlength=\"100\"><\/textarea><\/label><input type=\"hidden\" id=\"ak_js_1\" name=\"ak_js\" value=\"145\"\/><script>document.getElementById( \"ak_js_1\" ).setAttribute( \"value\", ( new Date() ).getTime() );<\/script><\/p><\/form>\n<\/div>\n\n","protected":false},"excerpt":{"rendered":"<p>Lid worden van de Belgische Unie voor Professionele Bemiddelaars: toetredingsregeling De BUPB is een professionele Unie die Bemiddelaars groepeert die werkzaam zijn op meerdere gebieden. Haar missie is om de Bemiddeling te bevorderen en de ontwikkeling van het beroep te &hellip; <a href=\"https:\/\/ubmp-bupb.org\/newsite\/nl\/members\/lid-worden\/\">Lees verder <span class=\"meta-nav\">&rarr;<\/span><\/a><\/p>\n","protected":false},"author":1,"featured_media":0,"parent":2632,"menu_order":4,"comment_status":"open","ping_status":"closed","template":"","meta":{"_cbd_carousel_blocks":"[]","footnotes":""},"class_list":["post-3316","page","type-page","status-publish","hentry"],"_links":{"self":[{"href":"https:\/\/ubmp-bupb.org\/newsite\/wp-json\/wp\/v2\/pages\/3316","targetHints":{"allow":["GET"]}}],"collection":[{"href":"https:\/\/ubmp-bupb.org\/newsite\/wp-json\/wp\/v2\/pages"}],"about":[{"href":"https:\/\/ubmp-bupb.org\/newsite\/wp-json\/wp\/v2\/types\/page"}],"author":[{"embeddable":true,"href":"https:\/\/ubmp-bupb.org\/newsite\/wp-json\/wp\/v2\/users\/1"}],"replies":[{"embeddable":true,"href":"https:\/\/ubmp-bupb.org\/newsite\/wp-json\/wp\/v2\/comments?post=3316"}],"version-history":[{"count":14,"href":"https:\/\/ubmp-bupb.org\/newsite\/wp-json\/wp\/v2\/pages\/3316\/revisions"}],"predecessor-version":[{"id":7927,"href":"https:\/\/ubmp-bupb.org\/newsite\/wp-json\/wp\/v2\/pages\/3316\/revisions\/7927"}],"up":[{"embeddable":true,"href":"https:\/\/ubmp-bupb.org\/newsite\/wp-json\/wp\/v2\/pages\/2632"}],"wp:attachment":[{"href":"https:\/\/ubmp-bupb.org\/newsite\/wp-json\/wp\/v2\/media?parent=3316"}],"curies":[{"name":"wp","href":"https:\/\/api.w.org\/{rel}","templated":true}]}}