{"id":2742,"date":"2017-04-16T07:06:53","date_gmt":"2017-04-16T05:06:53","guid":{"rendered":"http:\/\/ubmp-bupb.org\/?page_id=2742"},"modified":"2025-05-17T08:11:01","modified_gmt":"2025-05-17T06:11:01","slug":"contacteer-ons","status":"publish","type":"page","link":"https:\/\/ubmp-bupb.org\/newsite\/nl\/contacteer-ons\/","title":{"rendered":"Contacteer ons"},"content":{"rendered":"\n<h2 class=\"wp-block-heading\">Email<\/h2>\n\n\n\n<p><a href=\"mailto:contact@ubmp-bupb.org\">contact@ubmp-bupb.org<\/a><\/p>\n\n\n\n<h2 class=\"wp-block-heading\">Hoofdkantoor<\/h2>\n\n\n\n<p>Kunstlaan 56<br>1000  Brussel<br>Tel. 0493 93 84 82\u00a0(nl) en 488 26 72 42 (fr) <\/p>\n\n\n\n<p><\/p>\n\n\n\n<div style=\"height:49px\" aria-hidden=\"true\" class=\"wp-block-spacer\"><\/div>\n\n\n<div class=\"frm_forms  with_frm_style frm_style_style-formidable\" id=\"frm_form_8_container\" >\n<form enctype=\"multipart\/form-data\" method=\"post\" class=\"frm-show-form \" id=\"form_8lj0y3\" >\n<div class=\"frm_form_fields \">\n<fieldset>\n\r\n<div class=\"frm_fields_container\">\n<input type=\"hidden\" name=\"frm_action\" value=\"create\" \/>\n<input type=\"hidden\" name=\"form_id\" value=\"8\" \/>\n<input type=\"hidden\" name=\"frm_hide_fields_8\" id=\"frm_hide_fields_8\" value=\"\" \/>\n<input type=\"hidden\" name=\"form_key\" value=\"8lj0y3\" \/>\n<input type=\"hidden\" name=\"item_meta[0]\" value=\"\" \/>\n<input type=\"hidden\" id=\"frm_submit_entry_8\" name=\"frm_submit_entry_8\" value=\"2691f04f52\" \/><input type=\"hidden\" name=\"_wp_http_referer\" value=\"\/newsite\/wp-json\/wp\/v2\/pages\/2742\" \/><div id=\"frm_field_87_container\" class=\"frm_form_field form-field  frm_required_field frm_top_container frm_left_half\">\r\n    <label for=\"field_ynza5p\" class=\"frm_primary_label\">Pr\u00e9nom\/Voornaam\r\n        <span class=\"frm_required\">*<\/span>\r\n    <\/label>\r\n    <input type=\"text\" id=\"field_ynza5p\" name=\"item_meta[87]\" value=\"\"  data-reqmsg=\"Ce champ doit \u00eatre compl\u00e9t\u00e9\" aria-required=\"true\" data-invmsg=\"Pr\u00e9nom\/Voornaam is ongeldig\" aria-invalid=\"false\"  \/>\r\n    \r\n    \r\n<\/div>\n<div id=\"frm_field_88_container\" class=\"frm_form_field form-field  frm_required_field frm_top_container frm_right_half\">\r\n    <label for=\"field_2gz4hf\" class=\"frm_primary_label\">Nom\/Naam\r\n        <span class=\"frm_required\">*<\/span>\r\n    <\/label>\r\n    <input type=\"text\" id=\"field_2gz4hf\" name=\"item_meta[88]\" value=\"\"  data-reqmsg=\"Ce champ doit \u00eatre compl\u00e9t\u00e9\" aria-required=\"true\" data-invmsg=\"Nom\/Naam is ongeldig\" aria-invalid=\"false\"  \/>\r\n    \r\n    \r\n<\/div>\n<div id=\"frm_field_89_container\" class=\"frm_form_field form-field  frm_required_field frm_top_container frm_full\">\r\n    <label for=\"field_yo6uzg\" class=\"frm_primary_label\">Email\r\n        <span class=\"frm_required\">*<\/span>\r\n    <\/label>\r\n    <input type=\"email\" id=\"field_yo6uzg\" name=\"item_meta[89]\" value=\"\"  data-reqmsg=\"Ce champ doit \u00eatre compl\u00e9t\u00e9\" aria-required=\"true\" data-invmsg=\"Veuillez entrrer une adresse valide\" aria-invalid=\"false\"  \/>\r\n    \r\n    \r\n<\/div>\n<div id=\"frm_field_91_container\" class=\"frm_form_field form-field  frm_required_field frm_top_container frm_full\">\r\n    <label for=\"field_lxuogw\" class=\"frm_primary_label\">Objet du message\r\n        <span class=\"frm_required\">*<\/span>\r\n    <\/label>\r\n    <input type=\"text\" id=\"field_lxuogw\" name=\"item_meta[91]\" value=\"\"  data-reqmsg=\"Objet du message cannot be blank.\" aria-required=\"true\" data-invmsg=\"Objet du message is ongeldig\" aria-invalid=\"false\"  \/>\r\n    \r\n    \r\n<\/div>\n<div id=\"frm_field_93_container\" class=\"frm_form_field form-field  frm_inline_container\">\r\n    <label for=\"g-recaptcha-response\" class=\"frm_primary_label\">Vous n'\u00eates pas un robot, n'est-ce pas ?\r\n        <span class=\"frm_required\"><\/span>\r\n    <\/label>\r\n    <div  id=\"field_7g0fij\" class=\"g-recaptcha\" data-sitekey=\"6Le0bS0UAAAAAHEsYxfHzs0gXC2B7mOCubBzlmwh\" data-size=\"normal\" data-theme=\"light\"><\/div>\r\n    <div id=\"frm_desc_field_7g0fij\" class=\"frm_description\">I'm not a robot <\/div>\r\n    \r\n<\/div>\n<div id=\"frm_field_92_container\" class=\"frm_form_field form-field  frm_required_field frm_top_container frm_full\">\r\n    <label for=\"field_pl73ie\" class=\"frm_primary_label\">Message\r\n        <span class=\"frm_required\">*<\/span>\r\n    <\/label>\r\n    <textarea name=\"item_meta[92]\" id=\"field_pl73ie\" rows=\"5\"  data-reqmsg=\"Ce champ doit \u00eatre compl\u00e9t\u00e9\" aria-required=\"true\" data-invmsg=\"Message is ongeldig\" aria-invalid=\"false\"  ><\/textarea>\r\n    \r\n    \r\n<\/div>\n<div id=\"frm_field_703_container\" class=\"frm_form_field form-field \">\n\t<div class=\"frm_submit\">\r\n\r\n<input type=\"submit\" value=\"Envoyer\"  \/>\r\n<img decoding=\"async\" class=\"frm_ajax_loading\" src=\"https:\/\/i0.wp.com\/ubmp-bupb.org\/newsite\/wp-content\/plugins\/formidable\/images\/ajax_loader.gif?w=584&#038;ssl=1\" alt=\"Envoi\" data-recalc-dims=\"1\"\/>\r\n\r\n<\/div>\n<\/div>\n\t<input type=\"hidden\" name=\"item_key\" value=\"\" \/>\n\t\t\t<div id=\"frm_field_704_container\">\n\t\t\t<label for=\"field_lbb5p\" >\n\t\t\t\tIndien u een mens bent, laat dit veld leeg:.\t\t\t<\/label>\n\t\t\t<input  id=\"field_lbb5p\" type=\"text\" class=\"frm_form_field form-field frm_verify\" name=\"item_meta[704]\" value=\"\"  \/>\n\t\t<\/div>\n\t\t<input name=\"frm_state\" type=\"hidden\" value=\"gQ9ntxHVJqPsWtXiMA1pZDKBh+vVkMbvbA6q\/69\/lDw=\" \/><\/div>\n<\/fieldset>\n<\/div>\n\n<p style=\"display: none !important;\" class=\"akismet-fields-container\" data-prefix=\"ak_\"><label>&#916;<textarea name=\"ak_hp_textarea\" cols=\"45\" rows=\"8\" maxlength=\"100\"><\/textarea><\/label><input type=\"hidden\" id=\"ak_js_1\" name=\"ak_js\" value=\"69\"\/><script>document.getElementById( \"ak_js_1\" ).setAttribute( \"value\", ( new Date() ).getTime() );<\/script><\/p><\/form>\n<\/div>\n\n","protected":false},"excerpt":{"rendered":"<p>Email contact@ubmp-bupb.org Hoofdkantoor Kunstlaan 561000 BrusselTel. 0493 93 84 82\u00a0(nl) en 488 26 72 42 (fr)<\/p>\n","protected":false},"author":18,"featured_media":0,"parent":0,"menu_order":0,"comment_status":"open","ping_status":"open","template":"","meta":{"_cbd_carousel_blocks":"[]","footnotes":""},"class_list":["post-2742","page","type-page","status-publish","hentry"],"_links":{"self":[{"href":"https:\/\/ubmp-bupb.org\/newsite\/wp-json\/wp\/v2\/pages\/2742","targetHints":{"allow":["GET"]}}],"collection":[{"href":"https:\/\/ubmp-bupb.org\/newsite\/wp-json\/wp\/v2\/pages"}],"about":[{"href":"https:\/\/ubmp-bupb.org\/newsite\/wp-json\/wp\/v2\/types\/page"}],"author":[{"embeddable":true,"href":"https:\/\/ubmp-bupb.org\/newsite\/wp-json\/wp\/v2\/users\/18"}],"replies":[{"embeddable":true,"href":"https:\/\/ubmp-bupb.org\/newsite\/wp-json\/wp\/v2\/comments?post=2742"}],"version-history":[{"count":20,"href":"https:\/\/ubmp-bupb.org\/newsite\/wp-json\/wp\/v2\/pages\/2742\/revisions"}],"predecessor-version":[{"id":7946,"href":"https:\/\/ubmp-bupb.org\/newsite\/wp-json\/wp\/v2\/pages\/2742\/revisions\/7946"}],"wp:attachment":[{"href":"https:\/\/ubmp-bupb.org\/newsite\/wp-json\/wp\/v2\/media?parent=2742"}],"curies":[{"name":"wp","href":"https:\/\/api.w.org\/{rel}","templated":true}]}}