{"id":2686,"date":"2017-04-16T06:41:06","date_gmt":"2017-04-16T04:41:06","guid":{"rendered":"http:\/\/ubmp-bupb.org\/?page_id=2686"},"modified":"2017-04-18T20:06:54","modified_gmt":"2017-04-18T18:06:54","slug":"algemene-vergadering","status":"publish","type":"page","link":"https:\/\/ubmp-bupb.org\/newsite\/nl\/members\/algemene-vergadering\/","title":{"rendered":"Algemene vergadering"},"content":{"rendered":"<h1 style=\"text-align: center;\"><a href=\"https:\/\/i0.wp.com\/ubmp-bupb.org\/WordPress3\/wp-content\/uploads\/2014\/06\/agex.jpg\"><img loading=\"lazy\" decoding=\"async\" class=\"aligncenter size-full wp-image-1616\" src=\"https:\/\/i0.wp.com\/ubmp-bupb.org\/WordPress3\/wp-content\/uploads\/2014\/06\/agex.jpg?resize=584%2C199\" alt=\"Large group of business people discussing.\" width=\"584\" height=\"199\" data-recalc-dims=\"1\" \/><\/a><\/h1>\n<h4 style=\"text-align: center;\">REACTIES NA DE ALGEMENE VERGADERING 2017 &#8211;\u00a0UBMP-BUPB-BUPM<\/h4>\n<h5 style=\"text-align: center;\">____________________________________<\/h5>\n<h5>\u00ab\u00a0De Algemene Vergadering vond plaats in St Martens-Bodegem op 22 februari jl. \u00a0Na een hartige verwelkoming van de leden werden de activiteiten van het afgelopen jaar overlopen.\u00a0De avond was goed gevuld en werd heel positief onthaald door de leden.&#8221;<\/h5>\n<p style=\"text-align: center;\">____________________________________________________________________________<\/p>\n<h5><a href=\"https:\/\/i0.wp.com\/ubmp-bupb.org\/WordPress3\/wp-content\/uploads\/2017\/04\/DSC1162.jpg\" rel=\"attachment wp-att-2771\"><img loading=\"lazy\" decoding=\"async\" class=\"alignleft wp-image-2771\" src=\"https:\/\/i0.wp.com\/ubmp-bupb.org\/WordPress3\/wp-content\/uploads\/2017\/04\/DSC1162.jpg?resize=250%2C166\" alt=\"_DSC1162\" width=\"250\" height=\"166\" data-recalc-dims=\"1\" \/><\/a><\/h5>\n<h5>\u00a0\u201cDe jaarvergadering is de ideale plek om bij te praten en nieuwe leden te leren kennen. Het ging er gezellig aan toe. De sfeer was uitermate aangenaam. Er werd aandachtig geluisterd naar de interessante uiteenzettingen. De gastsprekers hebben hun uiterste best gedaan om de conferenties boeiend te maken. Een goed gevuld avondprogramma met aandacht om leden te informeren in alle openheid.&#8221;<\/h5>\n<h5>\u201cHartelijk dank voor het warm onthaal en de verkregen informatie\u201d<\/h5>\n<p style=\"text-align: center;\">____________________________________________________<\/p>\n<p style=\"text-align: center;\">\n<h5 style=\"text-align: left;\">&#8220;De directieraad van de UBMP-BUPB-BUPM is 14 maal samengekomen dit jaar waarvan 3x specifiek voor de organisatie van de Week\u00a0van de Bemiddeling. De directieraad is toegankelijk voor de leden.\u00a0Het UBMP-BUPB-BUPM is actief op verschillende vlakken. Elke verantwoordelijke van een deelwerking heeft uitleg gegeven over\u00a0de verwezenlijkingen van het afgelopen jaar.\u00a0Het verschil tussen intervisie en supervisie werd ook nog eens duidelijk gemaakt. Supervisie is nl individuele opvolging terwijl.&#8221;<\/h5>\n<h5><em><span style=\"text-decoration: underline;\"><div class=\"hrule clearfix\"><\/div><\/span><\/em><\/h5>\n<h5><em><span style=\"text-decoration: underline;\">Photos<\/span> : Soltan NUSZEN\u00a0<\/em><\/h5>\n<h6><a href=\"https:\/\/i0.wp.com\/ubmp-bupb.org\/WordPress3\/wp-content\/uploads\/2014\/06\/DSC1101.NEF_.jpg\" rel=\"attachment wp-att-2496\"><img loading=\"lazy\" decoding=\"async\" class=\"alignleft wp-image-2496\" src=\"https:\/\/i0.wp.com\/ubmp-bupb.org\/WordPress3\/wp-content\/uploads\/2014\/06\/DSC1101.NEF_-150x150.jpg?resize=176%2C176\" alt=\"_DSC1101.NEF\" width=\"176\" height=\"176\" data-recalc-dims=\"1\" \/><\/a><\/h6>\n<h5>\u00a0&#8211;<\/h5>\n<h5>\u00a0Je tiens \u00e0 vous dire que j&#8217;ai beaucoup appr\u00e9ci\u00e9\u00a0l&#8217;ambiance de cette soir\u00e9e. Je vous transmets \u2013\u00a0virtuellement &#8211; le superbe bouquet de\u00a0f\u00e9licitations tr\u00e8s souriantes des membres\u00a0pr\u00e9sents quant \u00e0 l&#8217;organisation et l&#8217;accueil lors\u00a0de la soir\u00e9e.<br \/>\nLes nouveaux membres \u00e9taient aussi\u00a0heureusement surpris par l&#8217;int\u00e9r\u00eat des\u00a0conf\u00e9rences propos\u00e9es.\u00a0Ceci est un PV plus que succinct de l&#8217;accueil. <em>(Infos : Newsletter N\u00b02\/2017). <\/em><\/h5>\n<h5><em>&#8220;J\u2019ai beaucoup appr\u00e9ci\u00e9 d\u2019\u00eatre parmi vous \u00e0 l\u2019AG. Pour moi, c\u2019\u00e9tait une\u00a0premi\u00e8re et\u00a0je vous promets que j\u2019y reviendrai. J\u2019ai appr\u00e9ci\u00e9 surtout la fa\u00e7on dont chacun des membres du Conseil de\u00a0Direction a expliqu\u00e9 son implication dans l\u2019UBMP que ce soit lors d\u2019une\u00a0formation ou un atelier aux autres membres pr\u00e9sents.\u00a0Mercis aux deux conf\u00e9renciers qui sont intervenus \u00e0 la suite de l\u2019AG.\u00a0Je vais terminer par remercier tout le c\u00f4t\u00e9 de l\u2019organisation et l\u2019accueil qui\u00a0\u00e9tait formidable : les folders, caf\u00e9, les Miniardises \u2026..&#8221;<\/em><\/h5>\n<h5 style=\"text-align: center;\"><div class=\"hrule clearfix\"><\/div><\/h5>\n<h5><a href=\"https:\/\/i0.wp.com\/ubmp-bupb.org\/WordPress3\/wp-content\/uploads\/2017\/04\/DSC1151.jpg\" rel=\"attachment wp-att-2772\"><img loading=\"lazy\" decoding=\"async\" class=\"alignleft wp-image-2772\" src=\"https:\/\/i0.wp.com\/ubmp-bupb.org\/WordPress3\/wp-content\/uploads\/2017\/04\/DSC1151.jpg?resize=251%2C167\" alt=\"_DSC1151\" width=\"251\" height=\"167\" data-recalc-dims=\"1\" \/><\/a><\/h5>\n<h5>&#8220;Ok +++ pour l&#8217;organisation. Globalement l&#8217;AG a montr\u00e9 les avanc\u00e9es\u00a0concr\u00e8tes de L&#8217;UBMP (augmentation sensible des membres &#8211; actions\/formations, actions\/reconnaissance du titre &#8230;). OK pour le programme (un peu\u00a0trop dense)\u2026. \u00a0Merci \u00e0 Ghislaine, \u00e0 Monique, \u00e0 Marilia\u2026. qui ont agr\u00e9ment\u00e9\u00a0le bien-\u00eatre et l&#8217;accueil\u2026.&#8221;<\/h5>\n<h5>&#8220;Bravo pour l&#8217;animation\u00a0hier soir !&#8221;\u00a0&#8220;Bravo \u00e0 vous. Tr\u00e8s chouette AG : bien pr\u00e9par\u00e9e\u00a0(chouette PPt) et bonne ambiance.&#8221; &#8220;R\u00e9flexions \u00e9taient tr\u00e8s int\u00e9ressantes et enthousiastes. C&#8217;est important pour le d\u00e9veloppement de l&#8217;UBMP.&#8221; &#8220;OK +++ pour toutes ces petites\u00a0choses jolies, cosy, telles que\u00a0d\u00e9corations&#8230; Merci \u00e0 Ghislaine,\u00a0Monique, Marilia\u2026. qui ont\u00a0agr\u00e9ment\u00e9 le bien-\u00eatre et l&#8217;accueil.&#8221;<\/h5>\n<h5 style=\"text-align: center;\">\u00a0<div class=\"hrule clearfix\"><\/div><\/h5>\n<p>&nbsp;<\/p>\n<h1 style=\"text-align: center;\">\u00a0Acc\u00e8s \u00e0 la salle Le Rayon vert et inscription<br \/>\n\u00e0 l&#8217;Assembl\u00e9e g\u00e9n\u00e9rale extraordinaire<\/h1>\n<p>Depuis notre Assembl\u00e9e g\u00e9n\u00e9rale de f\u00e9vrier 2014, le Conseil de Direction de l&#8217;Union Belge des M\u00e9diateurs Professionnels, avec notre nouvelle pr\u00e9sidente, Celia Pe\u00f1a, est en pleine r\u00e9flexion.<\/p>\n<p>A l\u2019occasion de notre prochaine Assembl\u00e9e g\u00e9n\u00e9rale extraordinaire, nous vous pr\u00e9senterons un manifeste, un programme et un plan d\u2019action pour les deux ann\u00e9es qui viennent.<\/p>\n<p><strong><a href=\"https:\/\/i0.wp.com\/ubmp-bupb.org\/WordPress3\/wp-content\/uploads\/2014\/06\/Salle_RV_020-2fe08.jpg\"><img loading=\"lazy\" decoding=\"async\" class=\"alignleft size-full wp-image-1617\" style=\"margin: 20px;\" src=\"https:\/\/i0.wp.com\/ubmp-bupb.org\/WordPress3\/wp-content\/uploads\/2014\/06\/Salle_RV_020-2fe08.jpg?resize=250%2C188\" alt=\" \" width=\"250\" height=\"188\" data-recalc-dims=\"1\" \/><\/a>Date \u00a0 \u00a0 \u00a0 \u00a0 \u00a0: <\/strong>\u00a0 \u00a024 juin 2014<br \/>\n<span style=\"text-decoration: underline;\"><strong>Heures \u00a0 \u00a0:<\/strong><\/span>\u00a0 \u00a0de 18h00 \u00e0 22h00<br \/>\n<strong><span style=\"text-decoration: underline;\">Adresse \u00a0:<\/span><\/strong>\u00a0 \u00a0Le Rayon vert \u00a0&#8211;\u00a0Rue Gustave Van Huynegem, 32 \u00a0&#8211; \u00a01090 Bruxelles (Jette)<\/p>\n<p><span style=\"text-decoration: underline;\"><strong>Acc\u00e8s :<\/strong><\/span><\/p>\n<p>Tram 19 &#8211; arr\u00eat gare de Jette ou Lenoir<br \/>\nTrams 51-94 &#8211; arr\u00eat Cimeti\u00e8re de Jette<br \/>\nBus 88 &#8211; arr\u00eat av. des D\u00e9mineurs<br \/>\nBus 53 &#8211; arr\u00eat gare de Jette<\/p>\n<p><a href=\"https:\/\/i0.wp.com\/ubmp-bupb.org\/WordPress3\/wp-content\/uploads\/2014\/06\/Salle_RV_023-590b9.jpg\"><img loading=\"lazy\" decoding=\"async\" class=\"alignleft size-full wp-image-1618\" style=\"margin: 20px;\" src=\"https:\/\/i0.wp.com\/ubmp-bupb.org\/WordPress3\/wp-content\/uploads\/2014\/06\/Salle_RV_023-590b9.jpg?resize=250%2C188\" alt=\"rv2\" width=\"250\" height=\"188\" data-recalc-dims=\"1\" \/><\/a>Station Villo n\u00b092 (croisement rue Lenoir et Bd de Smet de Naeyer)<br \/>\nStation Villo n\u00b0165 (cimeti\u00e8re de Jette)<br \/>\nVoitures : Parking ais\u00e9 derri\u00e8re la gare de Jette.<\/p>\n<p><strong><span style=\"text-decoration: underline;\">Ordre du jour d\u00e9taill\u00e9 :\u00a0<\/span><\/strong><\/p>\n<p><a href=\"http:\/\/www.ubmp-bupb.org\/documents\/pdf\/UBMP-AGEX2014-06-24-Convocation.pdf\" target=\"_blank\">http:\/\/www.ubmp-bupb.org\/documents\/pdf\/UBMP-AGEX2014-06-24-Convocation.pdf<\/a><\/p>\n<p><span style=\"text-decoration: underline;\"><strong>Plan :<\/strong><\/span><strong> \u00a0<\/strong><a href=\"https:\/\/goo.gl\/maps\/e3j9I\" target=\"_blank\">https:\/\/goo.gl\/maps\/e3j9I<\/a><\/p>\n<h1>Inscription \u00e0 l&#8217;Agex :<\/h1>\n<div class=\"frm_forms  with_frm_style frm_style_style-formidable\" id=\"frm_form_18_container\" >\n<form enctype=\"multipart\/form-data\" method=\"post\" class=\"frm-show-form \" id=\"form_fl02j6\" >\n<div class=\"frm_form_fields \">\n<fieldset>\n\r\n<div class=\"frm_fields_container\">\n<input type=\"hidden\" name=\"frm_action\" value=\"create\" \/>\n<input type=\"hidden\" name=\"form_id\" value=\"18\" \/>\n<input type=\"hidden\" name=\"frm_hide_fields_18\" id=\"frm_hide_fields_18\" value=\"\" \/>\n<input type=\"hidden\" name=\"form_key\" value=\"fl02j6\" \/>\n<input type=\"hidden\" name=\"item_meta[0]\" value=\"\" \/>\n<input type=\"hidden\" id=\"frm_submit_entry_18\" name=\"frm_submit_entry_18\" value=\"2691f04f52\" \/><input type=\"hidden\" name=\"_wp_http_referer\" value=\"\/newsite\/wp-json\/wp\/v2\/pages\/2686\" \/><div id=\"frm_field_577_container\" class=\"frm_form_field form-field  frm_required_field frm_top_container\">\r\n    <label for=\"field_ijbsal\" class=\"frm_primary_label\">Nom\r\n        <span class=\"frm_required\">*<\/span>\r\n    <\/label>\r\n    <input type=\"text\" id=\"field_ijbsal\" name=\"item_meta[577]\" value=\"\"  data-reqmsg=\"Ce champ doit \u00eatre compl\u00e9t\u00e9\" aria-required=\"true\" data-invmsg=\"Nom is ongeldig\" aria-invalid=\"false\"  \/>\r\n    \r\n    \r\n<\/div>\n<div id=\"frm_field_578_container\" class=\"frm_form_field form-field  frm_required_field frm_top_container\">\r\n    <label for=\"field_ky2n1a\" class=\"frm_primary_label\">Pr\u00e9nom\r\n        <span class=\"frm_required\">*<\/span>\r\n    <\/label>\r\n    <input type=\"text\" id=\"field_ky2n1a\" name=\"item_meta[578]\" value=\"\"  data-reqmsg=\"Ce champ doit \u00eatre compl\u00e9t\u00e9\" aria-required=\"true\" data-invmsg=\"Pr\u00e9nom is ongeldig\" aria-invalid=\"false\"  \/>\r\n    \r\n    \r\n<\/div>\n<div id=\"frm_field_581_container\" class=\"frm_form_field form-field  frm_required_field frm_top_container\">\r\n    <label for=\"field_bmpch5\" class=\"frm_primary_label\">Adresse e-mail\r\n        <span class=\"frm_required\">*<\/span>\r\n    <\/label>\r\n    <input type=\"email\" id=\"field_bmpch5\" name=\"item_meta[581]\" value=\"\"  data-reqmsg=\"Ce champ doit \u00eatre compl\u00e9t\u00e9\" aria-required=\"true\" data-invmsg=\"Adresse e-mail is invalid\" aria-invalid=\"false\"  \/>\r\n    \r\n    \r\n<\/div>\n<div id=\"frm_field_589_container\" class=\"frm_form_field form-field  frm_top_container vertical_radio\">\r\n    <label  class=\"frm_primary_label\">Cocher la case de votre choix\r\n        <span class=\"frm_required\"><\/span>\r\n    <\/label>\r\n    <div class=\"frm_opt_container\">\t\t<div class=\"frm_radio\" id=\"frm_radio_589-0\">\t\t\t<label  for=\"field_mcm4mi-0\">\n\t\t\t\t\t<input type=\"radio\" name=\"item_meta[589]\" id=\"field_mcm4mi-0\" value=\"Je participe\"\n\t\t   data-invmsg=\"Cocher la case de votre choix is ongeldig\" aria-invalid=\"false\"  \/> Je participe<\/label><\/div>\n\t\t<div class=\"frm_radio\" id=\"frm_radio_589-1\">\t\t\t<label  for=\"field_mcm4mi-1\">\n\t\t\t\t\t<input type=\"radio\" name=\"item_meta[589]\" id=\"field_mcm4mi-1\" value=\"Je ne participe pas, mais je souhaite recevoir le compte-rendu\"\n\t\t   data-invmsg=\"Cocher la case de votre choix is ongeldig\" aria-invalid=\"false\"  \/> Je ne participe pas, mais je souhaite recevoir le compte-rendu<\/label><\/div>\n<\/div>\r\n    \r\n    \r\n<\/div>\n<div id=\"frm_field_588_container\" class=\"frm_form_field form-field  frm_top_container\">\r\n    <label for=\"g-recaptcha-response\" class=\"frm_primary_label\">reCAPTCHA\r\n        <span class=\"frm_required\"><\/span>\r\n    <\/label>\r\n    <div  id=\"field_otas8b\" class=\"g-recaptcha\" data-sitekey=\"6Le0bS0UAAAAAHEsYxfHzs0gXC2B7mOCubBzlmwh\" data-size=\"normal\" data-theme=\"light\"><\/div>\r\n    \r\n    \r\n<\/div>\n\t<input type=\"hidden\" name=\"item_key\" value=\"\" \/>\n\t\t\t<div id=\"frm_field_704_container\">\n\t\t\t<label for=\"field_wnuwe\" >\n\t\t\t\tIndien u een mens bent, laat dit veld leeg:.\t\t\t<\/label>\n\t\t\t<input  id=\"field_wnuwe\" type=\"text\" class=\"frm_form_field form-field frm_verify\" name=\"item_meta[704]\" value=\"\"  \/>\n\t\t<\/div>\n\t\t<input name=\"frm_state\" type=\"hidden\" value=\"gQ9ntxHVJqPsWtXiMA1pZDKBh+vVkMbvbA6q\/69\/lDw=\" \/><div class=\"frm_submit\">\r\n\r\n<input type=\"submit\" value=\"Envoyer\"  \/>\r\n<img decoding=\"async\" class=\"frm_ajax_loading\" src=\"https:\/\/i0.wp.com\/ubmp-bupb.org\/newsite\/wp-content\/plugins\/formidable\/images\/ajax_loader.gif?w=584&#038;ssl=1\" alt=\"Envoi\" style=\"visibility:hidden;\" data-recalc-dims=\"1\" \/>\r\n\r\n<\/div><\/div>\n<\/fieldset>\n<\/div>\n\n<p style=\"display: none !important;\" class=\"akismet-fields-container\" data-prefix=\"ak_\"><label>&#916;<textarea name=\"ak_hp_textarea\" cols=\"45\" rows=\"8\" maxlength=\"100\"><\/textarea><\/label><input type=\"hidden\" id=\"ak_js_1\" name=\"ak_js\" value=\"177\"\/><script>document.getElementById( \"ak_js_1\" ).setAttribute( \"value\", ( new Date() ).getTime() );<\/script><\/p><\/form>\n<\/div>\n\n","protected":false},"excerpt":{"rendered":"<p>REACTIES NA DE ALGEMENE VERGADERING 2017 &#8211;\u00a0UBMP-BUPB-BUPM ____________________________________ \u00ab\u00a0De Algemene Vergadering vond plaats in St Martens-Bodegem op 22 februari jl. \u00a0Na een hartige verwelkoming van de leden werden de activiteiten van het afgelopen jaar overlopen.\u00a0De avond was goed gevuld en &hellip; <a href=\"https:\/\/ubmp-bupb.org\/newsite\/nl\/members\/algemene-vergadering\/\">Lees verder <span class=\"meta-nav\">&rarr;<\/span><\/a><\/p>\n","protected":false},"author":18,"featured_media":0,"parent":2632,"menu_order":0,"comment_status":"open","ping_status":"open","template":"","meta":{"_cbd_carousel_blocks":"[]","footnotes":""},"class_list":["post-2686","page","type-page","status-publish","hentry"],"_links":{"self":[{"href":"https:\/\/ubmp-bupb.org\/newsite\/wp-json\/wp\/v2\/pages\/2686","targetHints":{"allow":["GET"]}}],"collection":[{"href":"https:\/\/ubmp-bupb.org\/newsite\/wp-json\/wp\/v2\/pages"}],"about":[{"href":"https:\/\/ubmp-bupb.org\/newsite\/wp-json\/wp\/v2\/types\/page"}],"author":[{"embeddable":true,"href":"https:\/\/ubmp-bupb.org\/newsite\/wp-json\/wp\/v2\/users\/18"}],"replies":[{"embeddable":true,"href":"https:\/\/ubmp-bupb.org\/newsite\/wp-json\/wp\/v2\/comments?post=2686"}],"version-history":[{"count":15,"href":"https:\/\/ubmp-bupb.org\/newsite\/wp-json\/wp\/v2\/pages\/2686\/revisions"}],"predecessor-version":[{"id":2794,"href":"https:\/\/ubmp-bupb.org\/newsite\/wp-json\/wp\/v2\/pages\/2686\/revisions\/2794"}],"up":[{"embeddable":true,"href":"https:\/\/ubmp-bupb.org\/newsite\/wp-json\/wp\/v2\/pages\/2632"}],"wp:attachment":[{"href":"https:\/\/ubmp-bupb.org\/newsite\/wp-json\/wp\/v2\/media?parent=2686"}],"curies":[{"name":"wp","href":"https:\/\/api.w.org\/{rel}","templated":true}]}}