{"id":2623,"date":"2017-04-10T18:35:30","date_gmt":"2017-04-10T16:35:30","guid":{"rendered":"http:\/\/ubmp-bupb.org\/?page_id=2623"},"modified":"2026-03-12T19:33:06","modified_gmt":"2026-03-12T18:33:06","slug":"wie-zijn-we","status":"publish","type":"page","link":"https:\/\/ubmp-bupb.org\/newsite\/nl\/wie-zijn-we\/","title":{"rendered":"Wie zijn wij ?"},"content":{"rendered":"<p style=\"text-align: center;\"><a href=\"http:\/\/ubmp-bupb.org\/ uploads\/2012\/12\/Arbre-a-palabre.jpg\"><img loading=\"lazy\" decoding=\"async\" class=\"aligncenter  wp-image-457\" src=\"https:\/\/i0.wp.com\/ubmp-bupb.org\/WordPress3\/wp-content\/uploads\/2012\/12\/Arbre-a-palabre.jpg?resize=584%2C192\" alt=\"Arbre-a-palabre\" width=\"584\" height=\"192\" data-recalc-dims=\"1\" \/><\/a><\/p>\n<div align=\"left\">\n<p>Het is ondertussen al meer dan twintig jaar geleden dat de eerste Bemiddelingspraktijken begonnen zijn in Belgi\u00eb. In 1991 werden post-graduaten bemiddeling gecre\u00eberd in het Franstalig sociale promotie onderwijs. Sindsdien heeft het idee om een beroepsvereniging te vormen al een hele weg afgelegd..<\/p>\n<p>Officieel opgericht in 2003 (wet 1898), werd de toenmalige Unie van Belgische Professionele Bemiddelaars (BUPB) geboren in het kader van een vertegenwoordiging voor bemiddelaars. Ze werd erkend door de Raad van State (2006) als Professionele Unie en als een beroepsfederatie door de FOD Economie (2013). Deze erkenning werd hernieuwd in 2024 n.a.v. de omvorming naar een vzw, en intussen omgedoopt tot Belgische Beroepsfederatie van Bemiddelaars<\/p>\n<p>De BBB is vertegenwoordigd in de Federale Bemiddelingscommissie en in de Hoge Raad voor de Zelfstandigen en KMO&#8217;s. Zij is van plan om alle bemiddelaars te betrekken in de politieke beslissingen die de toekomst en de zichtbaarheid van dit nieuwe beroep, wat de bemiddeling is, be\u00efnvloeden.<\/p>\n<p>De BBB verenigt de bemiddelaars die werkzaam zijn in de vele en uiteenlopende gebieden. Een van de doelstellingen van de BBB is streven naar een kwalitatief werkkader en die veilig is voor alle betrokken professionals. Het doel is om de bemiddeling\u00a0 te bevorderen en de professionele ontwikkeling van de aangesloten bemiddelaars te garanderen.<\/p>\n<p>De statuten van de Belgische Beroepsfederatie van Bemiddelaars zijn beschikbaar voor de leden.<\/p>\n<\/div>\n<div align=\"left\">\n<p>Samenstelling bestuur:<\/p>\n<p>De h. <a href=\"https:\/\/www.linkedin.com\/in\/anwar-soulami\/\">Anwar Soulami<\/a> &#8211; voorzitter<\/p>\n<p>De h. <a href=\"https:\/\/www.linkedin.com\/in\/mediatus\/\">Luc Slosse<\/a> &#8211; vice-voorzitter<\/p>\n<p>De h. <a href=\"https:\/\/www.linkedin.com\/in\/fabrice-d-3b557326\/\">Fabrice Dury<\/a> &#8211; penningmeester<\/p>\n<p>Mevr. <a href=\"https:\/\/www.linkedin.com\/in\/ren%C3%A9e-huybrechts-a4959a1b\/\">Ren\u00e9e Huybrechts<\/a> &#8211; secr. ledenadministratie<\/p>\n<p>Mevrouw <a href=\"https:\/\/www.linkedin.com\/in\/sehriban-saritas-028b5b60\/\">Sehriban Saritas<\/a><\/p>\n<\/div>\n<div align=\"left\">\u00a0<\/div>\n<p style=\"text-align: right;\">Photo : &#8220;L&#8217;arbre \u00e0 palabres&#8221; , oeuvre de Bebu <a title=\"L'arbre \u00e0 palabre\" href=\"http:\/\/www.artmajeur.com\/en\/artist\/bebu\" target=\"_blank\" rel=\"noopener\">http:\/\/www.artmajeur.com\/en\/artist\/bebu<\/a><\/p>\n<p>Voor meer informatie, vul onderstaand formulier in.<\/p>\n\n\n<div style=\"height:48px\" aria-hidden=\"true\" class=\"wp-block-spacer\"><\/div>\n\n\n<div class=\"frm_forms  with_frm_style frm_style_style-formidable\" id=\"frm_form_8_container\" >\n<form enctype=\"multipart\/form-data\" method=\"post\" class=\"frm-show-form \" id=\"form_8lj0y3\" >\n<div class=\"frm_form_fields \">\n<fieldset>\n\r\n<div class=\"frm_fields_container\">\n<input type=\"hidden\" name=\"frm_action\" value=\"create\" \/>\n<input type=\"hidden\" name=\"form_id\" value=\"8\" \/>\n<input type=\"hidden\" name=\"frm_hide_fields_8\" id=\"frm_hide_fields_8\" value=\"\" \/>\n<input type=\"hidden\" name=\"form_key\" value=\"8lj0y3\" \/>\n<input type=\"hidden\" name=\"item_meta[0]\" value=\"\" \/>\n<input type=\"hidden\" id=\"frm_submit_entry_8\" name=\"frm_submit_entry_8\" value=\"2691f04f52\" \/><input type=\"hidden\" name=\"_wp_http_referer\" value=\"\/newsite\/wp-json\/wp\/v2\/pages\/2623\" \/><div id=\"frm_field_87_container\" class=\"frm_form_field form-field  frm_required_field frm_top_container frm_left_half\">\r\n    <label for=\"field_ynza5p\" class=\"frm_primary_label\">Pr\u00e9nom\/Voornaam\r\n        <span class=\"frm_required\">*<\/span>\r\n    <\/label>\r\n    <input type=\"text\" id=\"field_ynza5p\" name=\"item_meta[87]\" value=\"\"  data-reqmsg=\"Ce champ doit \u00eatre compl\u00e9t\u00e9\" aria-required=\"true\" data-invmsg=\"Pr\u00e9nom\/Voornaam is ongeldig\" aria-invalid=\"false\"  \/>\r\n    \r\n    \r\n<\/div>\n<div id=\"frm_field_88_container\" class=\"frm_form_field form-field  frm_required_field frm_top_container frm_right_half\">\r\n    <label for=\"field_2gz4hf\" class=\"frm_primary_label\">Nom\/Naam\r\n        <span class=\"frm_required\">*<\/span>\r\n    <\/label>\r\n    <input type=\"text\" id=\"field_2gz4hf\" name=\"item_meta[88]\" value=\"\"  data-reqmsg=\"Ce champ doit \u00eatre compl\u00e9t\u00e9\" aria-required=\"true\" data-invmsg=\"Nom\/Naam is ongeldig\" aria-invalid=\"false\"  \/>\r\n    \r\n    \r\n<\/div>\n<div id=\"frm_field_89_container\" class=\"frm_form_field form-field  frm_required_field frm_top_container frm_full\">\r\n    <label for=\"field_yo6uzg\" class=\"frm_primary_label\">Email\r\n        <span class=\"frm_required\">*<\/span>\r\n    <\/label>\r\n    <input type=\"email\" id=\"field_yo6uzg\" name=\"item_meta[89]\" value=\"\"  data-reqmsg=\"Ce champ doit \u00eatre compl\u00e9t\u00e9\" aria-required=\"true\" data-invmsg=\"Veuillez entrrer une adresse valide\" aria-invalid=\"false\"  \/>\r\n    \r\n    \r\n<\/div>\n<div id=\"frm_field_91_container\" class=\"frm_form_field form-field  frm_required_field frm_top_container frm_full\">\r\n    <label for=\"field_lxuogw\" class=\"frm_primary_label\">Objet du message\r\n        <span class=\"frm_required\">*<\/span>\r\n    <\/label>\r\n    <input type=\"text\" id=\"field_lxuogw\" name=\"item_meta[91]\" value=\"\"  data-reqmsg=\"Objet du message cannot be blank.\" aria-required=\"true\" data-invmsg=\"Objet du message is ongeldig\" aria-invalid=\"false\"  \/>\r\n    \r\n    \r\n<\/div>\n<div id=\"frm_field_93_container\" class=\"frm_form_field form-field  frm_inline_container\">\r\n    <label for=\"g-recaptcha-response\" class=\"frm_primary_label\">Vous n'\u00eates pas un robot, n'est-ce pas ?\r\n        <span class=\"frm_required\"><\/span>\r\n    <\/label>\r\n    <div  id=\"field_7g0fij\" class=\"g-recaptcha\" data-sitekey=\"6Le0bS0UAAAAAHEsYxfHzs0gXC2B7mOCubBzlmwh\" data-size=\"normal\" data-theme=\"light\"><\/div>\r\n    <div id=\"frm_desc_field_7g0fij\" class=\"frm_description\">I'm not a robot <\/div>\r\n    \r\n<\/div>\n<div id=\"frm_field_92_container\" class=\"frm_form_field form-field  frm_required_field frm_top_container frm_full\">\r\n    <label for=\"field_pl73ie\" class=\"frm_primary_label\">Message\r\n        <span class=\"frm_required\">*<\/span>\r\n    <\/label>\r\n    <textarea name=\"item_meta[92]\" id=\"field_pl73ie\" rows=\"5\"  data-reqmsg=\"Ce champ doit \u00eatre compl\u00e9t\u00e9\" aria-required=\"true\" data-invmsg=\"Message is ongeldig\" aria-invalid=\"false\"  ><\/textarea>\r\n    \r\n    \r\n<\/div>\n<div id=\"frm_field_703_container\" class=\"frm_form_field form-field \">\n\t<div class=\"frm_submit\">\r\n\r\n<input type=\"submit\" value=\"Envoyer\"  \/>\r\n<img decoding=\"async\" class=\"frm_ajax_loading\" src=\"https:\/\/i0.wp.com\/ubmp-bupb.org\/newsite\/wp-content\/plugins\/formidable\/images\/ajax_loader.gif?w=584&#038;ssl=1\" alt=\"Envoi\" data-recalc-dims=\"1\"\/>\r\n\r\n<\/div>\n<\/div>\n\t<input type=\"hidden\" name=\"item_key\" value=\"\" \/>\n\t\t\t<div id=\"frm_field_704_container\">\n\t\t\t<label for=\"field_f0ak\" >\n\t\t\t\tIndien u een mens bent, laat dit veld leeg:.\t\t\t<\/label>\n\t\t\t<input  id=\"field_f0ak\" type=\"text\" class=\"frm_form_field form-field frm_verify\" name=\"item_meta[704]\" value=\"\"  \/>\n\t\t<\/div>\n\t\t<input name=\"frm_state\" type=\"hidden\" value=\"gQ9ntxHVJqPsWtXiMA1pZDKBh+vVkMbvbA6q\/69\/lDw=\" \/><\/div>\n<\/fieldset>\n<\/div>\n\n<p style=\"display: none !important;\" class=\"akismet-fields-container\" data-prefix=\"ak_\"><label>&#916;<textarea name=\"ak_hp_textarea\" cols=\"45\" rows=\"8\" maxlength=\"100\"><\/textarea><\/label><input type=\"hidden\" id=\"ak_js_1\" name=\"ak_js\" value=\"58\"\/><script>document.getElementById( \"ak_js_1\" ).setAttribute( \"value\", ( new Date() ).getTime() );<\/script><\/p><\/form>\n<\/div>\n\n","protected":false},"excerpt":{"rendered":"<p>Het is ondertussen al meer dan twintig jaar geleden dat de eerste Bemiddelingspraktijken begonnen zijn in Belgi\u00eb. In 1991 werden post-graduaten bemiddeling gecre\u00eberd in het Franstalig sociale promotie onderwijs. Sindsdien heeft het idee om een beroepsvereniging te vormen al een &hellip; <a href=\"https:\/\/ubmp-bupb.org\/newsite\/nl\/wie-zijn-we\/\">Lees verder <span class=\"meta-nav\">&rarr;<\/span><\/a><\/p>\n","protected":false},"author":18,"featured_media":0,"parent":0,"menu_order":0,"comment_status":"open","ping_status":"open","template":"","meta":{"_cbd_carousel_blocks":"[]","footnotes":""},"class_list":["post-2623","page","type-page","status-publish","hentry"],"_links":{"self":[{"href":"https:\/\/ubmp-bupb.org\/newsite\/wp-json\/wp\/v2\/pages\/2623","targetHints":{"allow":["GET"]}}],"collection":[{"href":"https:\/\/ubmp-bupb.org\/newsite\/wp-json\/wp\/v2\/pages"}],"about":[{"href":"https:\/\/ubmp-bupb.org\/newsite\/wp-json\/wp\/v2\/types\/page"}],"author":[{"embeddable":true,"href":"https:\/\/ubmp-bupb.org\/newsite\/wp-json\/wp\/v2\/users\/18"}],"replies":[{"embeddable":true,"href":"https:\/\/ubmp-bupb.org\/newsite\/wp-json\/wp\/v2\/comments?post=2623"}],"version-history":[{"count":11,"href":"https:\/\/ubmp-bupb.org\/newsite\/wp-json\/wp\/v2\/pages\/2623\/revisions"}],"predecessor-version":[{"id":7987,"href":"https:\/\/ubmp-bupb.org\/newsite\/wp-json\/wp\/v2\/pages\/2623\/revisions\/7987"}],"wp:attachment":[{"href":"https:\/\/ubmp-bupb.org\/newsite\/wp-json\/wp\/v2\/media?parent=2623"}],"curies":[{"name":"wp","href":"https:\/\/api.w.org\/{rel}","templated":true}]}}