{"id":5872,"date":"2020-04-24T13:29:00","date_gmt":"2020-04-24T11:29:00","guid":{"rendered":"http:\/\/ubmp-bupb.org\/newsite\/?page_id=5872"},"modified":"2020-05-06T11:39:48","modified_gmt":"2020-05-06T09:39:48","slug":"mediation-des-dettes","status":"publish","type":"page","link":"http:\/\/ubmp-bupb.org\/newsite\/fr\/public\/quelle-mediation-choisir\/mediation-des-dettes\/","title":{"rendered":"M\u00e9diation des dettes"},"content":{"rendered":"\n<h3 class=\"wp-block-heading\"><strong>Quelques exemples de situation<\/strong><\/h3>\n\n\n\n<ul class=\"wp-block-list\"><li>Vous \u00e9prouvez des difficult\u00e9s financi\u00e8res, vous ne parvenez plus \u00e0 faire face \u00e0 vos dettes&#8230; m\u00eame s\u2019il s\u2019agit de difficult\u00e9s passag\u00e8res ou de simples retards de paiement.<\/li><li>Vous aimeriez obtenir des facilit\u00e9s de paiement, mais vous ne savez pas comment vous y prendre.<\/li><li>Vous avez contract\u00e9 de nombreux pr\u00eats et vos revenus ne vous permettent plus de faire face aux remboursements des mensualit\u00e9s.<\/li><li>Vous avez perdu votre emploi ou vous vous \u00eates s\u00e9par\u00e9.<\/li><li>Vous payez par \u00e0 coup le cr\u00e9ancier le plus mena\u00e7ant, mais vous ne parvenez plus \u00e0 faire face \u00e0 toutes vos dettes. Les huissiers sont \u00e0 votre porte&#8230;<\/li><\/ul>\n\n\n\n<h3 class=\"wp-block-heading\"><strong>Bref descriptif, accessibilit\u00e9, co\u00fbt<\/strong><\/h3>\n\n\n\n<p><strong>La m\u00e9diation de dettes amiable&nbsp;<\/strong>a pour but de trouver une solution durable au probl\u00e8me d\u2019endettement du d\u00e9biteur. Elle vise \u00e0 lui assurer des conditions de vie conforme \u00e0 la dignit\u00e9 humaine en l\u2019aidant \u00e0 respecter dans la mesure du possible ses engagements vis \u00e0 vis de ses cr\u00e9anciers. La m\u00e9diation tend enfin \u00e0 responsabiliser le d\u00e9biteur. Elle vise \u00e0 lui donner les instruments d\u2019une gestion budg\u00e9taire autonome.<\/p>\n\n\n\n<p>Les services de m\u00e9diation de dettes sont, pour la plupart, accessibles \u00e0 toute personne qui \u00e9prouve des difficult\u00e9s financi\u00e8re. Il n\u2019y a aucune condition de revenus. Certains services limitent toutefois leur intervention aux habitants de la commune, ou \u00e0 un public cible. Ils interviennent gratuitement.<\/p>\n\n\n\n<p>Toute personne physique non-commer\u00e7ante, en cas de surendettement durable, sous certaines conditions, peut introduire une requ\u00eate en r\u00e8glement collectif de dettes devant le Tribunal du Travail : on parle alors de&nbsp;<strong>m\u00e9diation de dettes judiciaire<\/strong>. D\u00e8s que le Tribunal admet la requ\u00eate, le cours des int\u00e9r\u00eats sur les dettes en principal est suspendu. Le Tribunal du Travail d\u00e9signe un m\u00e9diateur de dettes qui va avec les m\u00e9di\u00e9s proposer un plan de r\u00e8glement aux cr\u00e9anciers, qui peuvent refuser. Alors le juge tranchera.<\/p>\n\n\n\n<h3 class=\"wp-block-heading\"><strong>Historique<\/strong><\/h3>\n\n\n\n<p>La m\u00e9diation de dettes est reconnue par le l\u00e9gislateur depuis 1991.<\/p>\n\n\n\n<p>Les premiers services de m\u00e9diation de dettes se sont d\u00e9velopp\u00e9s dans le courant des ann\u00e9es 1990. Ils sont actuellement plus de 300 en Wallonie et en Flandre et 32 en r\u00e9gion bruxelloise.<\/p>\n\n\n\n<h3 class=\"wp-block-heading\"><strong>Cadre l\u00e9gal<\/strong><\/h3>\n\n\n\n<ul class=\"wp-block-list\"><li>La m\u00e9diation de dettes amiable est reconnue par le l\u00e9gislateur depuis la loi du 12 juin 1991 relative au cr\u00e9dit \u00e0 la consommation (LCC). En vertu de l\u2019article 67 LCC, la m\u00e9diation de dettes est interdite sauf si elle est pratiqu\u00e9e par certains intervenants\u00a0d\u00e9sign\u00e9s:\u00a0avocats, notaires, huissiers de justice et par les intervenants\u00a0agr\u00e9\u00e9s:\u00a0d\u2019institutions publiques (ex: les C.P.A.S., les communes) et d\u2019institutions priv\u00e9es (ex. : les A.S.B.L.). Ce sont les services de m\u00e9diation de dettes. La m\u00e9diation de dettes constitue une forme d\u2019aide aux personnes et rel\u00e8ve, d\u00e8s lors, de la comp\u00e9tence des Communaut\u00e9s et des R\u00e9gions qui fixent les conditions d\u2019agr\u00e9ment des services de m\u00e9diation de dettes. Celles-ci sont similaires dans les quatre r\u00e9gions et visent \u00e0 imposer des exigences de qualit\u00e9 afin d\u2019assurer un service professionnel : formation sp\u00e9cialis\u00e9e des travailleurs sociaux, emploi d\u2019un juriste, etc.<\/li><\/ul>\n\n\n\n<ul class=\"wp-block-list\"><li>La loi du 5 juillet 1998 instaurant la proc\u00e9dure de r\u00e8glement collectif de dettes (modifi\u00e9e \u00e0 plusieurs reprises depuis) est ins\u00e9r\u00e9e dans le code judiciaire sous l\u2019article 1675\/2 \u00e0 19.<\/li><\/ul>\n\n\n\n<h3 class=\"wp-block-heading\"><strong>Contact<\/strong><\/h3>\n\n\n\n<ul class=\"wp-block-list\"><li>Annuaire des m\u00e9diateurs :\u00a0<a href=\"http:\/\/ubmp-bupb.org\/fr\/liste-des-mediateurs\/\">www.ubmp-bupb.org\/fr\/liste-des-mediateurs\/<\/a><\/li><li>Centre d\u2019appui aux services de MDD : Boulevard du Jubil\u00e9 153-155, 1080 Molenbeek-Saint-Jean,\u00a0<a href=\"mailto:info@mediationdedettes.be\">info@mediationdedettes.be<\/a><\/li><\/ul>\n","protected":false},"excerpt":{"rendered":"<p>Quelques exemples de situation Vous \u00e9prouvez des difficult\u00e9s financi\u00e8res, vous ne parvenez plus \u00e0 faire face \u00e0 vos dettes&#8230; m\u00eame s\u2019il s\u2019agit de difficult\u00e9s passag\u00e8res ou de simples retards de paiement. Vous aimeriez obtenir des facilit\u00e9s de paiement, mais vous &hellip; <a href=\"http:\/\/ubmp-bupb.org\/newsite\/fr\/public\/quelle-mediation-choisir\/mediation-des-dettes\/\">Lees verder <span class=\"meta-nav\">&rarr;<\/span><\/a><\/p>\n","protected":false},"author":1,"featured_media":0,"parent":1305,"menu_order":0,"comment_status":"closed","ping_status":"closed","template":"","meta":{"_cbd_carousel_blocks":"[]","footnotes":""},"class_list":["post-5872","page","type-page","status-publish","hentry"],"_links":{"self":[{"href":"http:\/\/ubmp-bupb.org\/newsite\/wp-json\/wp\/v2\/pages\/5872","targetHints":{"allow":["GET"]}}],"collection":[{"href":"http:\/\/ubmp-bupb.org\/newsite\/wp-json\/wp\/v2\/pages"}],"about":[{"href":"http:\/\/ubmp-bupb.org\/newsite\/wp-json\/wp\/v2\/types\/page"}],"author":[{"embeddable":true,"href":"http:\/\/ubmp-bupb.org\/newsite\/wp-json\/wp\/v2\/users\/1"}],"replies":[{"embeddable":true,"href":"http:\/\/ubmp-bupb.org\/newsite\/wp-json\/wp\/v2\/comments?post=5872"}],"version-history":[{"count":2,"href":"http:\/\/ubmp-bupb.org\/newsite\/wp-json\/wp\/v2\/pages\/5872\/revisions"}],"predecessor-version":[{"id":5875,"href":"http:\/\/ubmp-bupb.org\/newsite\/wp-json\/wp\/v2\/pages\/5872\/revisions\/5875"}],"up":[{"embeddable":true,"href":"http:\/\/ubmp-bupb.org\/newsite\/wp-json\/wp\/v2\/pages\/1305"}],"wp:attachment":[{"href":"http:\/\/ubmp-bupb.org\/newsite\/wp-json\/wp\/v2\/media?parent=5872"}],"curies":[{"name":"wp","href":"https:\/\/api.w.org\/{rel}","templated":true}]}}