{"id":5853,"date":"2020-04-24T12:28:11","date_gmt":"2020-04-24T10:28:11","guid":{"rendered":"http:\/\/ubmp-bupb.org\/newsite\/?page_id=5853"},"modified":"2021-05-15T17:36:39","modified_gmt":"2021-05-15T15:36:39","slug":"mediation-familiale","status":"publish","type":"page","link":"http:\/\/ubmp-bupb.org\/newsite\/fr\/mediation-familiale\/","title":{"rendered":"M\u00e9diation familiale"},"content":{"rendered":"\n<h3 class=\"wp-block-heading\"><strong>Quelques exemples de situations<\/strong><\/h3>\n\n\n\n<ul class=\"wp-block-list\"><li>Un couple d\u00e9sire se s\u00e9parer. Les parents pr\u00e9f\u00e8rent organiser eux-m\u00eames l\u2019h\u00e9bergement de leurs enfants.<\/li><li>Un couple divorce et fait appel \u00e0 un m\u00e9diateur pour les aider \u00e0 discuter dans un cadre rassurant et avec un tiers neutre des modalit\u00e9s financi\u00e8res (et autres si n\u00e9cessaire) pour leurs enfants.<\/li><li>Des parents rencontrent des difficult\u00e9s avec leur adolescent qui ne communique plus et devient agressif envers eux.<\/li><li>Une belle-m\u00e8re (et m\u00e8re) est un peu trop envahissante. Le jeune couple veut mettre les choses au point avec elle sans se disputer.<\/li><li>Une famille doit d\u00e9cider du placement ou non d\u2019un senior ne pouvant plus vivre de fa\u00e7on autonome.<\/li><\/ul>\n\n\n\n<h3 class=\"wp-block-heading\"><strong>Bref descriptif, accessibilit\u00e9, co\u00fbt<\/strong><\/h3>\n\n\n\n<p>Comme son nom l\u2019indique, la m\u00e9diation familiale a pour cadre la famille. Elle a pour objectif de g\u00e9rer, r\u00e9soudre ou de pr\u00e9venir tout conflit pouvant y survenir. On limite, h\u00e9las, trop souvent la m\u00e9diation familiale aux situations de s\u00e9parations ou de divorces. Loin d\u2019\u00eatre cantonn\u00e9e \u00e0 ces seules situations, elle est \u00e9galement indiqu\u00e9e dans tous les probl\u00e8mes relationnels impliquant n\u2019importe quels membres de la famille&nbsp;: parents, beaux-parents, enfants, (demi-)fr\u00e8re ou s\u0153ur, grands-parents\u2026 et dans toutes les situations conflictuelles&nbsp;: conflits (inter) g\u00e9n\u00e9rationnels, place, r\u00f4le et statut dans le cadre de familles recompos\u00e9es, placement d\u2019un senior en maison de repos, h\u00e9ritages dans le cadre de successions\u2026 Son objectif principal est d\u2019aboutir \u00e0 une solution qui convienne \u00e0 l\u2019ensemble des parties voire r\u00e9tablir une relation.<\/p>\n\n\n\n<p>Il n\u2019existe pas de bar\u00e8me fixe. Le co\u00fbt d\u2019une m\u00e9diation est fonction des tarifs appliqu\u00e9s par le m\u00e9diateur et de la dur\u00e9e de celle-ci. Elle est, dans tous les cas, moins on\u00e9reuse et moins longue qu\u2019une d\u00e9marche en justice. Elle est aussi beaucoup plus libre. En effet, les rendez-vous sont fix\u00e9s de commun accord avec les parties et celles-ci peuvent interrompre le processus \u00e0 tout moment.<\/p>\n\n\n\n<h3 class=\"wp-block-heading\"><strong>Historique<\/strong><\/h3>\n\n\n\n<p>Si la m\u00e9diation familiale s\u2019est d\u00e9velopp\u00e9e en Belgique depuis fin des ann\u00e9es quatre vingt, peu de personnes y font appel dans le cadre du r\u00e8glement de leurs conflits familiaux. Le dicton \u00ab&nbsp;on lave son linge salle en famille&nbsp;\u00bb est bien pr\u00e9sent.<\/p>\n\n\n\n<p>La loi du 21 f\u00e9vrier 2005, lui a donn\u00e9 un cadre l\u00e9gislatif&nbsp;et donc une reconnaissance l\u00e9gale. Bien que reconnue, son d\u00e9veloppement est li\u00e9 \u00e0 la connaissance de cette nouvelle pratique professionnelle par le public. A cette fin l\u2019UBMP veut informer, sensibiliser et m\u00eame \u00e9duquer tant le grand public que les professionnels psycho-m\u00e9dico-sociaux, professeurs, \u00e9ducateurs, les professionnels du monde judiciaire\u2026 \u00e0 cette pratique.<\/p>\n\n\n\n<h3 class=\"wp-block-heading\"><strong>Cadre l\u00e9gal<\/strong><\/h3>\n\n\n\n<p>La m\u00e9diation familiale b\u00e9n\u00e9fice d\u2019une reconnaissance officielle (loi du 21\/02\/2005 ) dans le cadre de l\u2019agr\u00e9ment du m\u00e9diateur. En effet, les accords conclus chez un m\u00e9diateur familial agr\u00e9\u00e9 peuvent \u00eatre homologu\u00e9s par le tribunal et obtenir ainsi directement valeur de jugement.<\/p>\n\n\n\n<h3 class=\"wp-block-heading\"><strong>Contact<\/strong><\/h3>\n\n\n\n<ul class=\"wp-block-list\"><li><a href=\"http:\/\/ubmp-bupb.org\/newsite\/fr\/liste-des-mediateurs\/\">Annuaire des m\u00e9diateurs UBMP-BUPB-BUPM<\/a><\/li><li><a href=\"http:\/\/www.juridat.be\/\">Liste des m\u00e9diateurs familiaux agr\u00e9\u00e9s<\/a><\/li><\/ul>\n","protected":false},"excerpt":{"rendered":"<p>Quelques exemples de situations Un couple d\u00e9sire se s\u00e9parer. Les parents pr\u00e9f\u00e8rent organiser eux-m\u00eames l\u2019h\u00e9bergement de leurs enfants. Un couple divorce et fait appel \u00e0 un m\u00e9diateur pour les aider \u00e0 discuter dans un cadre rassurant et avec un tiers &hellip; <a href=\"http:\/\/ubmp-bupb.org\/newsite\/fr\/mediation-familiale\/\">Lees verder <span class=\"meta-nav\">&rarr;<\/span><\/a><\/p>\n","protected":false},"author":1,"featured_media":0,"parent":0,"menu_order":0,"comment_status":"closed","ping_status":"closed","template":"","meta":{"_cbd_carousel_blocks":"[]","footnotes":""},"class_list":["post-5853","page","type-page","status-publish","hentry"],"_links":{"self":[{"href":"http:\/\/ubmp-bupb.org\/newsite\/wp-json\/wp\/v2\/pages\/5853","targetHints":{"allow":["GET"]}}],"collection":[{"href":"http:\/\/ubmp-bupb.org\/newsite\/wp-json\/wp\/v2\/pages"}],"about":[{"href":"http:\/\/ubmp-bupb.org\/newsite\/wp-json\/wp\/v2\/types\/page"}],"author":[{"embeddable":true,"href":"http:\/\/ubmp-bupb.org\/newsite\/wp-json\/wp\/v2\/users\/1"}],"replies":[{"embeddable":true,"href":"http:\/\/ubmp-bupb.org\/newsite\/wp-json\/wp\/v2\/comments?post=5853"}],"version-history":[{"count":7,"href":"http:\/\/ubmp-bupb.org\/newsite\/wp-json\/wp\/v2\/pages\/5853\/revisions"}],"predecessor-version":[{"id":6892,"href":"http:\/\/ubmp-bupb.org\/newsite\/wp-json\/wp\/v2\/pages\/5853\/revisions\/6892"}],"wp:attachment":[{"href":"http:\/\/ubmp-bupb.org\/newsite\/wp-json\/wp\/v2\/media?parent=5853"}],"curies":[{"name":"wp","href":"https:\/\/api.w.org\/{rel}","templated":true}]}}