{"id":44,"date":"2012-12-02T12:55:11","date_gmt":"2012-12-02T11:55:11","guid":{"rendered":"http:\/\/ubmp.follow-us.eu\/?page_id=44"},"modified":"2020-04-23T12:55:02","modified_gmt":"2020-04-23T10:55:02","slug":"deontologie","status":"publish","type":"page","link":"http:\/\/ubmp-bupb.org\/newsite\/fr\/membres\/deontologie\/","title":{"rendered":"D\u00e9ontologie"},"content":{"rendered":"\n<p>Le m\u00e9diateur peut pr\u00e9tendre \u00e0 la neutralit\u00e9 et \u00e0 l&#8217;ind\u00e9pendance dans l&#8217;exercice de son m\u00e9tier s&#8217;il a int\u00e9gr\u00e9 la d\u00e9ontologie commune \u00e0 ses pairs et une \u00e9thique personnelle constamment vigilante.<\/p>\n\n\n\n<p>\u00ab&nbsp;<em>L\u2019<strong>\u00e9thique<\/strong> correspond \u00e0 la recherche d\u2019une juste mani\u00e8re d\u2019\u00eatre, \u00e0 la sagesse dans l\u2019action. Celle-ci renvoie \u00e0 une exigence dans l\u2019exercice de la fonction. L\u2019\u00e9thique m\u00e8ne \u00e0 l\u2019interrogation identitaire d\u2019une personne et aussi d\u2019un m\u00e9tier. Il s\u2019agit davantage de l\u2019identification de bonnes questions en regard de l\u2019exercice de la fonction. <\/em><\/p>\n\n\n\n<p><em>La <strong>d\u00e9ontologie<\/strong> est sociale, pratique et appuy\u00e9e par le disciplinaire collectif. Un code de d\u00e9ontologie d\u00e9finit l\u2019ensemble des pratiques recommand\u00e9es et acceptables.&nbsp;On d\u00e9termine ainsi les contours de ce qu\u2019est (\u2026) [le m\u00e9tier] et ce qui ne l\u2019est pas. Cela d\u00e9termine aussi les engagements respectifs qu\u2019ont \u00e0 prendre les acteurs impliqu\u00e9s (\u2026)<\/em>.\u00bb\n<\/p>\n\n\n\n<p><strong>Christian VIGOUROUX<\/strong><\/p>\n\n\n\n<p>(Actualit\u00e9 de la formation permanente&nbsp;&#8211; sept\/oct.1997, cit\u00e9 dans Secouez-vous les id\u00e9es&nbsp;n\u00b0 72, p\u00e9riodique du CESEP &#8211; asbl)<\/p>\n","protected":false},"excerpt":{"rendered":"<p>Le m\u00e9diateur peut pr\u00e9tendre \u00e0 la neutralit\u00e9 et \u00e0 l&#8217;ind\u00e9pendance dans l&#8217;exercice de son m\u00e9tier s&#8217;il a int\u00e9gr\u00e9 la d\u00e9ontologie commune \u00e0 ses pairs et une \u00e9thique personnelle constamment vigilante. \u00ab&nbsp;L\u2019\u00e9thique correspond \u00e0 la recherche d\u2019une juste mani\u00e8re d\u2019\u00eatre, \u00e0 &hellip; <a href=\"http:\/\/ubmp-bupb.org\/newsite\/fr\/membres\/deontologie\/\">Lees verder <span class=\"meta-nav\">&rarr;<\/span><\/a><\/p>\n","protected":false},"author":1,"featured_media":0,"parent":33,"menu_order":0,"comment_status":"open","ping_status":"open","template":"","meta":{"_cbd_carousel_blocks":"[]","footnotes":""},"class_list":["post-44","page","type-page","status-publish","hentry"],"_links":{"self":[{"href":"http:\/\/ubmp-bupb.org\/newsite\/wp-json\/wp\/v2\/pages\/44","targetHints":{"allow":["GET"]}}],"collection":[{"href":"http:\/\/ubmp-bupb.org\/newsite\/wp-json\/wp\/v2\/pages"}],"about":[{"href":"http:\/\/ubmp-bupb.org\/newsite\/wp-json\/wp\/v2\/types\/page"}],"author":[{"embeddable":true,"href":"http:\/\/ubmp-bupb.org\/newsite\/wp-json\/wp\/v2\/users\/1"}],"replies":[{"embeddable":true,"href":"http:\/\/ubmp-bupb.org\/newsite\/wp-json\/wp\/v2\/comments?post=44"}],"version-history":[{"count":8,"href":"http:\/\/ubmp-bupb.org\/newsite\/wp-json\/wp\/v2\/pages\/44\/revisions"}],"predecessor-version":[{"id":5797,"href":"http:\/\/ubmp-bupb.org\/newsite\/wp-json\/wp\/v2\/pages\/44\/revisions\/5797"}],"up":[{"embeddable":true,"href":"http:\/\/ubmp-bupb.org\/newsite\/wp-json\/wp\/v2\/pages\/33"}],"wp:attachment":[{"href":"http:\/\/ubmp-bupb.org\/newsite\/wp-json\/wp\/v2\/media?parent=44"}],"curies":[{"name":"wp","href":"https:\/\/api.w.org\/{rel}","templated":true}]}}