{"id":368,"date":"2013-01-24T13:34:28","date_gmt":"2013-01-24T12:34:28","guid":{"rendered":"http:\/\/ubmp-bupb.org\/WordPress3\/?page_id=368"},"modified":"2020-04-24T11:16:48","modified_gmt":"2020-04-24T09:16:48","slug":"quest-ce-la-mediation","status":"publish","type":"page","link":"http:\/\/ubmp-bupb.org\/newsite\/fr\/public\/quest-ce-la-mediation\/","title":{"rendered":"Qu&#8217;est-ce que la m\u00e9diation ?"},"content":{"rendered":"\n<p><em>&#8220;La m\u00e9diation est un processus volontaire d\u2019\u00e9tablissement ou de r\u00e9tablissement de lien social, de pr\u00e9vention ou de r\u00e8glement des diff\u00e9rends. Ce processus s\u2019effectue au travers d\u2019une communication \u00e9thique durant la quelle les personnes s\u2019efforcent de renouer le dialogue pour trouver une solution \u00e0 leur situation. Au cours de ce processus, un m\u00e9diateur, tiers ind\u00e9pendant, les accompagne de fa\u00e7on impartiale, et sans influencer les r\u00e9sultats tout en garantissant le respect des int\u00e9r\u00eats de chacun des participants et la confidentialit\u00e9 des \u00e9changes.&#8221;<\/em><\/p>\n\n\n\n<p><strong>M. Guillaume-Hofnung<\/strong><\/p>\n\n\n\n<hr class=\"wp-block-separator\"\/>\n\n\n\n<p><em>&#8220;La m\u00e9diation est un processus confidentiel et structur\u00e9 de concertation volontaire entre parties en conflit qui se d\u00e9roule avec le concours actif d\u2019un tiers ind\u00e9pendant, neutre et impartial qui facilite la communication et tente de conduire les parties \u00e0 \u00e9laborer elles-m\u00eames une solutions.&#8221;<\/em><\/p>\n\n\n\n<p><strong>Art. 1723\/1, loi 18\/06\/2018, M.B. 2\/07\/2018<\/strong><\/p>\n","protected":false},"excerpt":{"rendered":"<p>&#8220;La m\u00e9diation est un processus volontaire d\u2019\u00e9tablissement ou de r\u00e9tablissement de lien social, de pr\u00e9vention ou de r\u00e8glement des diff\u00e9rends. Ce processus s\u2019effectue au travers d\u2019une communication \u00e9thique durant la quelle les personnes s\u2019efforcent de renouer le dialogue pour trouver &hellip; <a href=\"http:\/\/ubmp-bupb.org\/newsite\/fr\/public\/quest-ce-la-mediation\/\">Lees verder <span class=\"meta-nav\">&rarr;<\/span><\/a><\/p>\n","protected":false},"author":1,"featured_media":4951,"parent":365,"menu_order":0,"comment_status":"closed","ping_status":"open","template":"","meta":{"_cbd_carousel_blocks":"[]","footnotes":""},"class_list":["post-368","page","type-page","status-publish","has-post-thumbnail","hentry"],"_links":{"self":[{"href":"http:\/\/ubmp-bupb.org\/newsite\/wp-json\/wp\/v2\/pages\/368","targetHints":{"allow":["GET"]}}],"collection":[{"href":"http:\/\/ubmp-bupb.org\/newsite\/wp-json\/wp\/v2\/pages"}],"about":[{"href":"http:\/\/ubmp-bupb.org\/newsite\/wp-json\/wp\/v2\/types\/page"}],"author":[{"embeddable":true,"href":"http:\/\/ubmp-bupb.org\/newsite\/wp-json\/wp\/v2\/users\/1"}],"replies":[{"embeddable":true,"href":"http:\/\/ubmp-bupb.org\/newsite\/wp-json\/wp\/v2\/comments?post=368"}],"version-history":[{"count":15,"href":"http:\/\/ubmp-bupb.org\/newsite\/wp-json\/wp\/v2\/pages\/368\/revisions"}],"predecessor-version":[{"id":5848,"href":"http:\/\/ubmp-bupb.org\/newsite\/wp-json\/wp\/v2\/pages\/368\/revisions\/5848"}],"up":[{"embeddable":true,"href":"http:\/\/ubmp-bupb.org\/newsite\/wp-json\/wp\/v2\/pages\/365"}],"wp:featuredmedia":[{"embeddable":true,"href":"http:\/\/ubmp-bupb.org\/newsite\/wp-json\/wp\/v2\/media\/4951"}],"wp:attachment":[{"href":"http:\/\/ubmp-bupb.org\/newsite\/wp-json\/wp\/v2\/media?parent=368"}],"curies":[{"name":"wp","href":"https:\/\/api.w.org\/{rel}","templated":true}]}}