{"id":365,"date":"2013-01-24T13:29:34","date_gmt":"2013-01-24T12:29:34","guid":{"rendered":"http:\/\/ubmp-bupb.org\/WordPress3\/?page_id=365"},"modified":"2019-11-14T06:15:01","modified_gmt":"2019-11-14T05:15:01","slug":"public","status":"publish","type":"page","link":"http:\/\/ubmp-bupb.org\/newsite\/fr\/public\/","title":{"rendered":"Public"},"content":{"rendered":"<p style=\"text-align: left;\">Dans cette rubrique vous aurez acc\u00e8s aux diff\u00e9rents onglets pr\u00e9sentant les caract\u00e9ristiques de la m\u00e9diation, ses avantages, sur l&#8217;assistance judiciaire et le r\u00e9seau de partenaires de l&#8217;UBMP qui pourront vous donner toutes les informations dont vous pourriez avoir besoin.<\/p>\n<p style=\"text-align: left;\">En cliquant sur le lien ci dessous, vous pourrez aussi avoir acc\u00e8s au petit guide pratique destin\u00e9 \u00e0 l&#8217;usager potentiel de la m\u00e9diation en entreprise, dans le non marchand, dans les organisations, les institutions et les administrations.<\/p>\n<p style=\"text-align: left;\"><a href=\"http:\/\/ubmp-bupb.org\/newsite\/wp-content\/uploads\/2016\/07\/Petit-guide-sur-la-m\u00e9diation-06.1.pdf\" rel=\"\">Petit guide sur la m\u00e9diation 06.1<\/a><\/p>\n<p style=\"text-align: center;\">\n","protected":false},"excerpt":{"rendered":"<p>Dans cette rubrique vous aurez acc\u00e8s aux diff\u00e9rents onglets pr\u00e9sentant les caract\u00e9ristiques de la m\u00e9diation, ses avantages, sur l&#8217;assistance judiciaire et le r\u00e9seau de partenaires de l&#8217;UBMP qui pourront vous donner toutes les informations dont vous pourriez avoir besoin. En &hellip; <a href=\"http:\/\/ubmp-bupb.org\/newsite\/fr\/public\/\">Lees verder <span class=\"meta-nav\">&rarr;<\/span><\/a><\/p>\n","protected":false},"author":1,"featured_media":4949,"parent":0,"menu_order":0,"comment_status":"closed","ping_status":"open","template":"","meta":{"_cbd_carousel_blocks":"[]","footnotes":""},"class_list":["post-365","page","type-page","status-publish","has-post-thumbnail","hentry"],"_links":{"self":[{"href":"http:\/\/ubmp-bupb.org\/newsite\/wp-json\/wp\/v2\/pages\/365","targetHints":{"allow":["GET"]}}],"collection":[{"href":"http:\/\/ubmp-bupb.org\/newsite\/wp-json\/wp\/v2\/pages"}],"about":[{"href":"http:\/\/ubmp-bupb.org\/newsite\/wp-json\/wp\/v2\/types\/page"}],"author":[{"embeddable":true,"href":"http:\/\/ubmp-bupb.org\/newsite\/wp-json\/wp\/v2\/users\/1"}],"replies":[{"embeddable":true,"href":"http:\/\/ubmp-bupb.org\/newsite\/wp-json\/wp\/v2\/comments?post=365"}],"version-history":[{"count":8,"href":"http:\/\/ubmp-bupb.org\/newsite\/wp-json\/wp\/v2\/pages\/365\/revisions"}],"predecessor-version":[{"id":4960,"href":"http:\/\/ubmp-bupb.org\/newsite\/wp-json\/wp\/v2\/pages\/365\/revisions\/4960"}],"wp:featuredmedia":[{"embeddable":true,"href":"http:\/\/ubmp-bupb.org\/newsite\/wp-json\/wp\/v2\/media\/4949"}],"wp:attachment":[{"href":"http:\/\/ubmp-bupb.org\/newsite\/wp-json\/wp\/v2\/media?parent=365"}],"curies":[{"name":"wp","href":"https:\/\/api.w.org\/{rel}","templated":true}]}}