{"id":350,"date":"2013-01-24T13:14:35","date_gmt":"2013-01-24T12:14:35","guid":{"rendered":"http:\/\/ubmp-bupb.org\/WordPress3\/?page_id=350"},"modified":"2022-11-30T16:55:45","modified_gmt":"2022-11-30T15:55:45","slug":"intervision","status":"publish","type":"page","link":"http:\/\/ubmp-bupb.org\/newsite\/fr\/membres\/services\/intervision\/","title":{"rendered":"Intervision\/Supervision"},"content":{"rendered":"\n<figure class=\"wp-block-image\"><img loading=\"lazy\" decoding=\"async\" width=\"584\" height=\"192\" src=\"https:\/\/i0.wp.com\/ubmp-bupb.org\/newsite\/wp-content\/uploads\/2019\/11\/intervision.jpg?resize=584%2C192\" alt=\"\" class=\"wp-image-4964\" srcset=\"https:\/\/i0.wp.com\/ubmp-bupb.org\/newsite\/wp-content\/uploads\/2019\/11\/intervision.jpg?resize=1024%2C336 1024w, https:\/\/i0.wp.com\/ubmp-bupb.org\/newsite\/wp-content\/uploads\/2019\/11\/intervision.jpg?resize=300%2C99 300w, https:\/\/i0.wp.com\/ubmp-bupb.org\/newsite\/wp-content\/uploads\/2019\/11\/intervision.jpg?resize=768%2C252 768w, https:\/\/i0.wp.com\/ubmp-bupb.org\/newsite\/wp-content\/uploads\/2019\/11\/intervision.jpg?resize=600%2C197 600w, https:\/\/i0.wp.com\/ubmp-bupb.org\/newsite\/wp-content\/uploads\/2019\/11\/intervision.jpg?w=1200 1200w\" sizes=\"auto, (max-width: 584px) 100vw, 584px\" data-recalc-dims=\"1\" \/><\/figure>\n\n\n\n<h4 class=\"wp-block-heading\">Les membres de l&#8217;Union sont r\u00e9guli\u00e8rement invit\u00e9s \u00e0 participer \u00e0 des intervisions et\/ou des supervisions organis\u00e9es par des coll\u00e8gues.<\/h4>\n\n\n\n<p>Celles-ci ont lieu \u00e0 Bruxelles, en Wallonie et en Flandres. Elles peuvent rentrer dans le cadre de la formation continu\u00e9e des m\u00e9diateurs agr\u00e9\u00e9s. Elles sont annonc\u00e9es dans la Newsletter, en ligne&#8230;<\/p>\n\n\n\n<p>Vous pouvez \u00eatre tenu au courant des dates et lieux des intervisions et\/ou supervisions :<\/p>\n\n\n\n<ul class=\"wp-block-list\">\n<li>Via la <strong>Newsletter<\/strong> ;<\/li>\n\n\n\n<li>En consultant le <a href=\"http:\/\/ubmp-bupb.org\/newsite\/fr\/calendrier\/\"><strong>calendrier<\/strong><\/a><strong> du site<\/strong> ;<\/li>\n\n\n\n<li>Via <a href=\"mailto:sehriban.saritas@ville.namur.be\"><strong>email<\/strong><\/a>.<\/li>\n<\/ul>\n\n\n\n<p><\/p>\n","protected":false},"excerpt":{"rendered":"<p>Les membres de l&#8217;Union sont r\u00e9guli\u00e8rement invit\u00e9s \u00e0 participer \u00e0 des intervisions et\/ou des supervisions organis\u00e9es par des coll\u00e8gues. Celles-ci ont lieu \u00e0 Bruxelles, en Wallonie et en Flandres. Elles peuvent rentrer dans le cadre de la formation continu\u00e9e des &hellip; <a href=\"http:\/\/ubmp-bupb.org\/newsite\/fr\/membres\/services\/intervision\/\">Lees verder <span class=\"meta-nav\">&rarr;<\/span><\/a><\/p>\n","protected":false},"author":1,"featured_media":0,"parent":30,"menu_order":0,"comment_status":"open","ping_status":"open","template":"","meta":{"_cbd_carousel_blocks":"[]","footnotes":""},"class_list":["post-350","page","type-page","status-publish","hentry"],"_links":{"self":[{"href":"http:\/\/ubmp-bupb.org\/newsite\/wp-json\/wp\/v2\/pages\/350","targetHints":{"allow":["GET"]}}],"collection":[{"href":"http:\/\/ubmp-bupb.org\/newsite\/wp-json\/wp\/v2\/pages"}],"about":[{"href":"http:\/\/ubmp-bupb.org\/newsite\/wp-json\/wp\/v2\/types\/page"}],"author":[{"embeddable":true,"href":"http:\/\/ubmp-bupb.org\/newsite\/wp-json\/wp\/v2\/users\/1"}],"replies":[{"embeddable":true,"href":"http:\/\/ubmp-bupb.org\/newsite\/wp-json\/wp\/v2\/comments?post=350"}],"version-history":[{"count":24,"href":"http:\/\/ubmp-bupb.org\/newsite\/wp-json\/wp\/v2\/pages\/350\/revisions"}],"predecessor-version":[{"id":7397,"href":"http:\/\/ubmp-bupb.org\/newsite\/wp-json\/wp\/v2\/pages\/350\/revisions\/7397"}],"up":[{"embeddable":true,"href":"http:\/\/ubmp-bupb.org\/newsite\/wp-json\/wp\/v2\/pages\/30"}],"wp:attachment":[{"href":"http:\/\/ubmp-bupb.org\/newsite\/wp-json\/wp\/v2\/media?parent=350"}],"curies":[{"name":"wp","href":"https:\/\/api.w.org\/{rel}","templated":true}]}}