{"id":348,"date":"2013-01-24T13:13:33","date_gmt":"2013-01-24T12:13:33","guid":{"rendered":"http:\/\/ubmp-bupb.org\/WordPress3\/?page_id=348"},"modified":"2026-03-12T19:42:33","modified_gmt":"2026-03-12T18:42:33","slug":"assurance","status":"publish","type":"page","link":"http:\/\/ubmp-bupb.org\/newsite\/fr\/assurance\/","title":{"rendered":"Assurance"},"content":{"rendered":"\n<h5 class=\"wp-block-heading\">L\u2019assurance &#8220;Responsabilit\u00e9 Civile Professionnelle&#8221;<br>propos\u00e9e par la F\u00e9d\u00e9ration Belge des M\u00e9diateurs<\/h5>\n\n\n\n<h4 class=\"wp-block-heading\">Les avantages de l&#8217;assurance professionnelle\u00a0de la FBM<\/h4>\n\n\n\n<p>Les membres effectifs peuvent souscrire un contrat d&#8217;assurance couvrant leur responsabilit\u00e9 civile professionnelle et exploitation au prix annuel de 100 \u20ac (+ taxes).<\/p>\n\n\n\n<p>Cette assurance couvre les risques professionnels directs et indirects (tous champs confondus) ainsi que les risques li\u00e9s \u00e0 l&#8217;exploitation.<\/p>\n\n\n\n<p>Port\u00e9e par notre Union, cette assurance est destin\u00e9e aux membres FBM en r\u00e8gle de cotisation.<\/p>\n\n\n\n<p>Le contrat a la particularit\u00e9 de couvrir toutes les activit\u00e9s de m\u00e9diation dans les domaines tant familial, scolaire, voisinage&#8230; que civil et commercial &amp; droit social, qu&#8217;il s&#8217;agisse de m\u00e9diations dans le cadre judiciaire ou non. Nous avons opt\u00e9 pour Ethias qui offre les meilleures conditions.<\/p>\n\n\n\n<p>D\u00e8s votre souscription il vous est possible d&#8217;obtenir une attestation d&#8217;assurance, n\u00e9cessaire \u00e0 votre dossier de demande d&#8217;agr\u00e9ment aupr\u00e8s de la Commission F\u00e9d\u00e9rale, si tel est votre souhait.<\/p>\n\n\n\n<p>Cette attestation sert \u00e9galement pour votre d\u00e9duction fiscale. Cliquez sur le bouton ad\u00e9quat pour t\u00e9l\u00e9charger le document qui vous int\u00e9resse.<\/p>\n\n\n\n<p>Un formulaire d&#8217;adh\u00e9sion (voir lien t\u00e9l\u00e9chargeable ci-dessous) compl\u00e9t\u00e9 et sign\u00e9 est \u00e0 envoyer par la poste \u00e0 :<\/p>\n\n\n\n<p><em>l&#8217;Union Belge des M\u00e9diateurs Professionnels,<br>Avenue des Arts 56<br>1000 Bruxelles<\/em>\u00a0<br>+32 476 261 216<\/p>\n\n\n\n<h3 class=\"wp-block-heading\">Process complet<\/h3>\n\n\n\n<ol class=\"wp-block-list\">\n<li>Payer la cotisation comme membre effectif ;<\/li>\n\n\n\n<li>Compl\u00e9ter le formulaire ;<\/li>\n\n\n\n<li>Ajoutez-y votre adresse email ;<\/li>\n\n\n\n<li>Le signer ;<\/li>\n\n\n\n<li>L\u2019envoyer par la poste ou par mail: contact@bbb-fbm.be<\/li>\n\n\n\n<li>Apr\u00e8s v\u00e9rification de votre dossier (membre effectif, cotisation pay\u00e9e&#8230;), le document est transmis \u00e0 notre contact chez \u00c9thias ;<\/li>\n\n\n\n<li>\u00c9thias vous<span style=\"mso-spacerun: yes;\">&nbsp;<\/span>envoie (par email ou par BPoste) directement le contrat, la facture, l&#8217;attestation d&#8217;assurance ;<\/li>\n\n\n\n<li>Vous payez votre assurance directement \u00e0 Ethias ;<\/li>\n\n\n\n<li>\u00a0 <figure><a href=\"https:\/\/i0.wp.com\/ubmp-bupb.org\/WordPress3\/wp-content\/uploads\/2013\/01\/triangle-danger.png\"><img loading=\"lazy\" decoding=\"async\" width=\"26\" height=\"23\" class=\"alignleft wp-image-1696\" src=\"https:\/\/i0.wp.com\/ubmp-bupb.org\/WordPress3\/wp-content\/uploads\/2013\/01\/triangle-danger-150x150.png?resize=26%2C23\" alt=\"triangle-danger\" data-recalc-dims=\"1\"><\/a><\/figure> Il faut renouveler<span style=\"mso-spacerun: yes;\">\u00a0 <\/span>sa cotisation de membre effectif chaque ann\u00e9e pour continuer \u00e0 b\u00e9n\u00e9ficier de l\u2019assurance RC professionnelle via la FBM;<\/li>\n\n\n\n<li>Il vous est toujours loisible de r\u00e9silier votre assurance aupr\u00e8s d\u2019\u00c9thias si vous ne pratiquez plus la m\u00e9diation.<\/li>\n<\/ol>\n","protected":false},"excerpt":{"rendered":"<p>L\u2019assurance &#8220;Responsabilit\u00e9 Civile Professionnelle&#8221;propos\u00e9e par la F\u00e9d\u00e9ration Belge des M\u00e9diateurs Les avantages de l&#8217;assurance professionnelle\u00a0de la FBM Les membres effectifs peuvent souscrire un contrat d&#8217;assurance couvrant leur responsabilit\u00e9 civile professionnelle et exploitation au prix annuel de 100 \u20ac (+ taxes). &hellip; <a href=\"http:\/\/ubmp-bupb.org\/newsite\/fr\/assurance\/\">Lees verder <span class=\"meta-nav\">&rarr;<\/span><\/a><\/p>\n","protected":false},"author":1,"featured_media":0,"parent":0,"menu_order":0,"comment_status":"open","ping_status":"open","template":"","meta":{"_cbd_carousel_blocks":"[]","footnotes":""},"class_list":["post-348","page","type-page","status-publish","hentry"],"_links":{"self":[{"href":"http:\/\/ubmp-bupb.org\/newsite\/wp-json\/wp\/v2\/pages\/348","targetHints":{"allow":["GET"]}}],"collection":[{"href":"http:\/\/ubmp-bupb.org\/newsite\/wp-json\/wp\/v2\/pages"}],"about":[{"href":"http:\/\/ubmp-bupb.org\/newsite\/wp-json\/wp\/v2\/types\/page"}],"author":[{"embeddable":true,"href":"http:\/\/ubmp-bupb.org\/newsite\/wp-json\/wp\/v2\/users\/1"}],"replies":[{"embeddable":true,"href":"http:\/\/ubmp-bupb.org\/newsite\/wp-json\/wp\/v2\/comments?post=348"}],"version-history":[{"count":49,"href":"http:\/\/ubmp-bupb.org\/newsite\/wp-json\/wp\/v2\/pages\/348\/revisions"}],"predecessor-version":[{"id":7993,"href":"http:\/\/ubmp-bupb.org\/newsite\/wp-json\/wp\/v2\/pages\/348\/revisions\/7993"}],"wp:attachment":[{"href":"http:\/\/ubmp-bupb.org\/newsite\/wp-json\/wp\/v2\/media?parent=348"}],"curies":[{"name":"wp","href":"https:\/\/api.w.org\/{rel}","templated":true}]}}