{"id":30,"date":"2012-12-02T12:41:50","date_gmt":"2012-12-02T11:41:50","guid":{"rendered":"http:\/\/ubmp.follow-us.eu\/?page_id=30"},"modified":"2021-05-15T17:02:16","modified_gmt":"2021-05-15T15:02:16","slug":"services","status":"publish","type":"page","link":"http:\/\/ubmp-bupb.org\/newsite\/fr\/membres\/services\/","title":{"rendered":"Services"},"content":{"rendered":"\n<h4 class=\"wp-block-heading\">Les membres de l&#8217;Union Belge des M\u00e9diateurs Professionnels b\u00e9n\u00e9ficient de diff\u00e9rents services.<\/h4>\n\n\n\n<div align=\"left\">\n<ul>\n<li>L\u2019assurance de l&#8217;UBMP \u00e0 laquelle vous pouvez souscrire couvre votre responsabilit\u00e9 civile professionnelle et exploitation au prix annuel de 100 \u20ac (+ taxes). Celle-ci a \u00e9t\u00e9 contract\u00e9e aupr\u00e8s d&#8217;Ethias \u00e0 des conditions int\u00e9ressantes. <a title=\"Aller \u00e0 la page Assurances\" href=\"http:\/\/ubmp-bupb.org\/newsite\/fr\/assurance\/\">Aller \u00e0 la page <i>Assurance<\/i><\/a><i> <\/i><\/li>\n<li>L&#8217;UBMP organise r\u00e9guli\u00e8rement des intervisions qui, outre l&#8217;int\u00e9r\u00eat professionnel de celles-ci, permettent de satisfaire \u00e0 l&#8217;obligation de formation continu\u00e9e des m\u00e9diateurs agr\u00e9\u00e9s. <a title=\"Aller \u00e0 la page Intervision\" href=\"http:\/\/ubmp-bupb.org\/newsite\/fr\/membres\/services\/intervision\/\">Aller \u00e0 la page <i>Intervision<\/i><\/a><\/li>\n<li>L&#8217;appartenance \u00e0 une Union professionnelle est \u00e9galement un gage de s\u00e9rieux vis-\u00e0-vis du public dans la mesure o\u00f9 ses membres ont fait le choix d&#8217;adh\u00e9rer \u00e0 un code de bonne conduite (le Pacte et la Charte). <a title=\"Aller \u00e0 la page D\u00e9ontologie\" href=\"http:\/\/ubmp-bupb.org\/newsite\/fr\/membres\/deontologie\/\">Aller \u00e0 la page <i>D\u00e9ontologie<\/i><\/a><\/li>\n<li>La Newsletter est le trait d&#8217;union entre les membres et vous permet d&#8217;\u00eatre tenu au courant des activit\u00e9s de l&#8217;Union et du Conseil de direction. Elle vous propose des informations et du contenu en primeur. Les anciens num\u00e9ros sont toujours consultables en PDF sur le site. <a title=\"Aller \u00e0 la page News\" href=\"http:\/\/ubmp-bupb.org\/newsite\/fr\/membres\/news\/\">Aller \u00e0 la page <i>News<\/i><\/a><\/li>\n<li>Le nouveau site web remis \u00e0 jour et g\u00e9r\u00e9 par des membres du Conseil de Direction de l&#8217;UBMP vous permet :\n<ul>\n<li>d&#8217;\u00eatre tenu au courant de l&#8217;actualit\u00e9 de la m\u00e9diation, d&#8217;ici et d&#8217;ailleurs,<\/li>\n<li>de r\u00e9agir et de partager avec les membres,<\/li>\n<li>d&#8217;acc\u00e9der aux services de mani\u00e8re plus rapide,<\/li>\n<li>de proposer vous-m\u00eames du contenu pour alimenter la r\u00e9flexion,<\/li>\n<li>de ne rater aucun \u00e9v\u00e9nement gr\u00e2ce \u00e0 la possibilit\u00e9 de s&#8217;y abonner et de visiter le calendrier,<\/li>\n<li>d&#8217;acc\u00e9der \u00e0 des articles de fonds sur la m\u00e9diation.<\/li>\n<\/ul>\n<\/li>\n<li>Enfin, les membres effectif (m\u00e9diateur professionnel) qui le souhaitent peuvent faire para\u00eetre leur activit\u00e9 professionnelle dans l&#8217;Annuaire de l&#8217;UBMP. Celui-ci comporte un volet &#8220;vitrine&#8221; et un &#8220;champ de recherche&#8221; par crit\u00e8res. L&#8217;annuaire peut accro\u00eetre&nbsp;la visibilit\u00e9 du m\u00e9diateur aupr\u00e8s du public et des professionnels.<\/li>\n<\/ul>\n<\/div>\n","protected":false},"excerpt":{"rendered":"<p>Les membres de l&#8217;Union Belge des M\u00e9diateurs Professionnels b\u00e9n\u00e9ficient de diff\u00e9rents services. L\u2019assurance de l&#8217;UBMP \u00e0 laquelle vous pouvez souscrire couvre votre responsabilit\u00e9 civile professionnelle et exploitation au prix annuel de 100 \u20ac (+ taxes). Celle-ci a \u00e9t\u00e9 contract\u00e9e aupr\u00e8s &hellip; <a href=\"http:\/\/ubmp-bupb.org\/newsite\/fr\/membres\/services\/\">Lees verder <span class=\"meta-nav\">&rarr;<\/span><\/a><\/p>\n","protected":false},"author":1,"featured_media":4962,"parent":33,"menu_order":0,"comment_status":"open","ping_status":"open","template":"","meta":{"_cbd_carousel_blocks":"[]","footnotes":""},"class_list":["post-30","page","type-page","status-publish","has-post-thumbnail","hentry"],"_links":{"self":[{"href":"http:\/\/ubmp-bupb.org\/newsite\/wp-json\/wp\/v2\/pages\/30","targetHints":{"allow":["GET"]}}],"collection":[{"href":"http:\/\/ubmp-bupb.org\/newsite\/wp-json\/wp\/v2\/pages"}],"about":[{"href":"http:\/\/ubmp-bupb.org\/newsite\/wp-json\/wp\/v2\/types\/page"}],"author":[{"embeddable":true,"href":"http:\/\/ubmp-bupb.org\/newsite\/wp-json\/wp\/v2\/users\/1"}],"replies":[{"embeddable":true,"href":"http:\/\/ubmp-bupb.org\/newsite\/wp-json\/wp\/v2\/comments?post=30"}],"version-history":[{"count":32,"href":"http:\/\/ubmp-bupb.org\/newsite\/wp-json\/wp\/v2\/pages\/30\/revisions"}],"predecessor-version":[{"id":6878,"href":"http:\/\/ubmp-bupb.org\/newsite\/wp-json\/wp\/v2\/pages\/30\/revisions\/6878"}],"up":[{"embeddable":true,"href":"http:\/\/ubmp-bupb.org\/newsite\/wp-json\/wp\/v2\/pages\/33"}],"wp:featuredmedia":[{"embeddable":true,"href":"http:\/\/ubmp-bupb.org\/newsite\/wp-json\/wp\/v2\/media\/4962"}],"wp:attachment":[{"href":"http:\/\/ubmp-bupb.org\/newsite\/wp-json\/wp\/v2\/media?parent=30"}],"curies":[{"name":"wp","href":"https:\/\/api.w.org\/{rel}","templated":true}]}}