{"id":2696,"date":"2017-04-16T06:46:25","date_gmt":"2017-04-16T04:46:25","guid":{"rendered":"http:\/\/ubmp-bupb.org\/?page_id=2696"},"modified":"2020-04-23T12:54:19","modified_gmt":"2020-04-23T10:54:19","slug":"deontologie","status":"publish","type":"page","link":"http:\/\/ubmp-bupb.org\/newsite\/nl\/members\/deontologie\/","title":{"rendered":"Deontologie"},"content":{"rendered":"\n<p>De bemiddelaar werkt volgens algemene bemiddelingsprincipes gebaseerd op ethiek.<\/p>\n\n\n\n<p>De bemiddelaar kan neutraliteit en onafhankelijkheid bij de uitoefening van zijn beroep niet voorwenden als hij de gemeenschappelijke deontologie en een persoonlijke ethiek niet heeft ge\u00efntegreerd.<\/p>\n\n\n\n<p>Met <strong>&#8220;ethiek&#8221;<\/strong> worden de filosofische en humanistische principes bedoeld die aan de basis liggen van een professionele&nbsp;gedragscode. Met &#8220;deontologie&#8221; wordt de concrete toepassing van de ethiek in een&nbsp;bepaald beroepsgebied bedoeld.<\/p>\n\n\n\n<p>Ethiek is de studie die nagaat wat het meest wenselijke handelen is. Daarbij wordt gerefereerd naar \u2018het goede\u2019 als criterium.&nbsp;Ethiek is dus normatief en verwijst naar wat zou moeten zijn. De term&nbsp;ethos&nbsp;daarentegen is beschrijvend en verwijst naar het morele praktijken en gewoonten die gangbaar zijn in een samenleving, maar waar men in de ethiek soms kritische bedenkingen bij heeft.<\/p>\n\n\n\n<p>Vaak reflecteert men zichzelf in een situatie en probeert de situatie vanuit een ander oogpunt te bekijken en daarbij vragen te stellen over goed of kwaad. Op ethische vragen is geen eenduidig&nbsp;antwoord te vinden, wat komt omdat ze vaak erg persoonlijk zijn. Daarnaast hebben antwoorden op ethische vragen vaak te maken met handelingen en gebruiken die in een maatschappij als algemeen wenselijk worden gezien, ook wel moraal&nbsp;genoemd.<br>Ethiek kan zowel descriptief als prescriptief zijn. Bij deze eerste vorm wordt er voornamelijk bestudeerd en wordt het eigen oordeel weggelaten. Bij de prescriptieve ethiek neemt men echter ook zelf standpunten in en probeert deze te verdedigen met behulp van argumenten.<\/p>\n\n\n\n<p><strong>Deontologie<\/strong>&nbsp;is een stroming in de ethiek die stelt dat de juistheid van handelingen moet worden gebaseerd op absolute gedragsregels. Deze regels komen voort uit bepaalde normen over menselijk gedrag. Men spreekt daarom ook wel van plichtenethiek.<\/p>\n\n\n\n<hr class=\"wp-block-separator\"\/>\n\n\n\n<p>\u00ab&nbsp;<em>L\u2019<strong>\u00e9thique<\/strong> correspond \u00e0 la recherche d\u2019une juste mani\u00e8re d\u2019\u00eatre, \u00e0 la sagesse dans l\u2019action. Celle-ci renvoie \u00e0 une exigence dans l\u2019exercice de la fonction. L\u2019\u00e9thique m\u00e8ne \u00e0 l\u2019interrogation identitaire d\u2019une personne et aussi d\u2019un m\u00e9tier. Il s\u2019agit davantage de l\u2019identification de bonnes questions en regard de l\u2019exercice de la fonction.<\/em><\/p>\n\n\n\n<p><em>La <strong>d\u00e9ontologie<\/strong> est sociale, pratique et appuy\u00e9e par le disciplinaire collectif. Un code de d\u00e9ontologie d\u00e9finit l\u2019ensemble des pratiques recommand\u00e9es et acceptables.&nbsp;On d\u00e9termine ainsi les contours de ce qu\u2019est (\u2026) [le m\u00e9tier] et ce qui ne l\u2019est pas. Cela d\u00e9termine aussi les engagements respectifs qu\u2019ont \u00e0 prendre les acteurs impliqu\u00e9s (\u2026)<\/em>.\u00bb<\/p>\n\n\n\n<p><strong>Christian VIGOUROUX\ufeff<\/strong><\/p>\n\n\n\n<p>(Actualit\u00e9 de la formation permanente\u00a0&#8211; sept\/oct.1997, cit\u00e9 dans Secouez-vous les id\u00e9es\u00a0n\u00b0 72, p\u00e9riodique du CESEP &#8211; asbl)<\/p>\n","protected":false},"excerpt":{"rendered":"<p>De bemiddelaar werkt volgens algemene bemiddelingsprincipes gebaseerd op ethiek. De bemiddelaar kan neutraliteit en onafhankelijkheid bij de uitoefening van zijn beroep niet voorwenden als hij de gemeenschappelijke deontologie en een persoonlijke ethiek niet heeft ge\u00efntegreerd. Met &#8220;ethiek&#8221; worden de filosofische &hellip; <a href=\"http:\/\/ubmp-bupb.org\/newsite\/nl\/members\/deontologie\/\">Lees verder <span class=\"meta-nav\">&rarr;<\/span><\/a><\/p>\n","protected":false},"author":18,"featured_media":0,"parent":2632,"menu_order":0,"comment_status":"open","ping_status":"open","template":"","meta":{"_cbd_carousel_blocks":"[]","footnotes":""},"class_list":["post-2696","page","type-page","status-publish","hentry"],"_links":{"self":[{"href":"http:\/\/ubmp-bupb.org\/newsite\/wp-json\/wp\/v2\/pages\/2696","targetHints":{"allow":["GET"]}}],"collection":[{"href":"http:\/\/ubmp-bupb.org\/newsite\/wp-json\/wp\/v2\/pages"}],"about":[{"href":"http:\/\/ubmp-bupb.org\/newsite\/wp-json\/wp\/v2\/types\/page"}],"author":[{"embeddable":true,"href":"http:\/\/ubmp-bupb.org\/newsite\/wp-json\/wp\/v2\/users\/18"}],"replies":[{"embeddable":true,"href":"http:\/\/ubmp-bupb.org\/newsite\/wp-json\/wp\/v2\/comments?post=2696"}],"version-history":[{"count":4,"href":"http:\/\/ubmp-bupb.org\/newsite\/wp-json\/wp\/v2\/pages\/2696\/revisions"}],"predecessor-version":[{"id":5796,"href":"http:\/\/ubmp-bupb.org\/newsite\/wp-json\/wp\/v2\/pages\/2696\/revisions\/5796"}],"up":[{"embeddable":true,"href":"http:\/\/ubmp-bupb.org\/newsite\/wp-json\/wp\/v2\/pages\/2632"}],"wp:attachment":[{"href":"http:\/\/ubmp-bupb.org\/newsite\/wp-json\/wp\/v2\/media?parent=2696"}],"curies":[{"name":"wp","href":"https:\/\/api.w.org\/{rel}","templated":true}]}}