{"id":2563,"date":"2017-03-31T19:11:10","date_gmt":"2017-03-31T17:11:10","guid":{"rendered":"http:\/\/ubmp-bupb.org\/?page_id=2563"},"modified":"2023-11-18T12:10:41","modified_gmt":"2023-11-18T11:10:41","slug":"formations-continues","status":"publish","type":"page","link":"http:\/\/ubmp-bupb.org\/newsite\/fr\/formations-continues\/","title":{"rendered":"BASISOPLEIDING"},"content":{"rendered":"\n<h2 class=\"wp-block-heading\">org. Pro Mediation<\/h2>\n\n\n\n<p><strong>DATUM: <\/strong>vanaf januari 2024<\/p>\n\n\n\n<p><strong>PLAATS <\/strong>: Antwerpen<\/p>\n\n\n\n<p><strong>PRIJS<\/strong>:  \u20ac2.500 excl. BTW, inclusief lunch, cursusmateriaal a.h.v. slides + bibliografie,&nbsp;<strong>KMO-portefeuille<\/strong>&nbsp;mogelijk en erkend onder Vlaams Educatief Verlof<\/p>\n\n\n\n<p>40 OVB punten + erkend door de Kamer van Notarissen<\/p>\n\n\n\n<figure class=\"wp-block-image size-full\"><a href=\"https:\/\/i0.wp.com\/ubmp-bupb.org\/newsite\/wp-content\/uploads\/2023\/11\/Pro_Mediation_UBMP_logo-1.jpeg\"><img loading=\"lazy\" decoding=\"async\" width=\"138\" height=\"75\" src=\"https:\/\/i0.wp.com\/ubmp-bupb.org\/newsite\/wp-content\/uploads\/2023\/11\/Pro_Mediation_UBMP_logo-1.jpeg?resize=138%2C75\" alt=\"\" class=\"wp-image-7768\" data-recalc-dims=\"1\"\/><\/a><\/figure>\n\n\n\n<hr class=\"wp-block-separator has-css-opacity\"\/>\n\n\n\n<hr class=\"wp-block-separator has-css-opacity\"\/>\n\n\n\n<hr class=\"wp-block-separator has-css-opacity\"\/>\n\n\n\n<h2 class=\"wp-block-heading\"><p style=\"text-align: center;\"><span style=\"color: #000080;\">RENFORCER SES CAPACITES DE PRESENCE&nbsp;&nbsp;&amp; D&#8217;ECOUTE EN MEDIATION PAR LA PLEINE CONSCIENCE&nbsp; <\/span><\/p><\/h2>\n\n\n\n<p>Accompagner des personnes en conflit confronte bien souvent le m\u00e9diateur \u00e0 lui-m\u00eame. Difficile \u00e0 certains moments de rester pr\u00e9sent sans \u00eatre happ\u00e9 par ses pens\u00e9es, ou ses \u00e9motions, de rester ouvert dans les moments de tension \u00e0 son intuition et \u00e0 sa cr\u00e9ativit\u00e9 ou simplement d\u2019\u00eatre \u00e0 l\u2019\u00e9coute.<br><\/p>\n\n\n\n<p>L\u2019objectif de cette formation sera de d\u00e9couvrir et d\u2019exp\u00e9rimenter la pratique de la pleine conscience&nbsp;pour soutenir la qualit\u00e9 de pr\u00e9sence et d\u2019\u00e9coute aux m\u00e9di\u00e9s et \u00e0 soi-m\u00eame. Au travers d\u2019exercices et de mises en situation, il s\u2019agira d\u2019explorer comment la pleine conscience peut renforcer nos comp\u00e9tences relationnelles de m\u00e9diateur.<br> <\/p>\n\n\n\n<p><strong>Objectifs<\/strong><br><\/p>\n\n\n\n<p>Exp\u00e9rimenter la pleine conscience au travers d\u2019exercices<\/p>\n\n\n\n<p>Renforcer sa qualit\u00e9 de pr\u00e9sence \u00e0 soi et aux m\u00e9di\u00e9s<\/p>\n\n\n\n<p>Exp\u00e9rimenter une \u00e9coute pr\u00e9sente \u00e0 soi et centr\u00e9e sur l\u2019autre<\/p>\n\n\n\n<p>D\u00e9velopper sa capacit\u00e9 \u00e0 mobiliser la pleine conscience pendant la m\u00e9diation<\/p>\n\n\n\n<hr class=\"wp-block-separator has-css-opacity\"\/>\n\n\n\n<h2 class=\"wp-block-heading\"><p style=\"text-align: center;\"><span style=\"color: #000080;\">LA MEDIATION FAMILIALE AVEC LES ENFANTS ET LES ADOLESCENTS<\/span><\/p><\/h2>\n\n\n\n<h2 class=\"wp-block-heading\"><p style=\"text-align: center;\"><em style=\"color: revert; font-size: revert; font-weight: revert;\">______________________________________________________________<\/em><span style=\"color: revert; font-size: revert; font-weight: revert;\">__________________________________________________<\/span><\/p><\/h2>\n","protected":false},"excerpt":{"rendered":"<p>org. Pro Mediation DATUM: vanaf januari 2024 PLAATS : Antwerpen PRIJS: \u20ac2.500 excl. BTW, inclusief lunch, cursusmateriaal a.h.v. slides + bibliografie,&nbsp;KMO-portefeuille&nbsp;mogelijk en erkend onder Vlaams Educatief Verlof 40 OVB punten + erkend door de Kamer van Notarissen RENFORCER SES CAPACITES &hellip; <a href=\"http:\/\/ubmp-bupb.org\/newsite\/fr\/formations-continues\/\">Lees verder <span class=\"meta-nav\">&rarr;<\/span><\/a><\/p>\n","protected":false},"author":1,"featured_media":4964,"parent":0,"menu_order":0,"comment_status":"closed","ping_status":"closed","template":"","meta":{"_cbd_carousel_blocks":"[]","footnotes":""},"class_list":["post-2563","page","type-page","status-publish","has-post-thumbnail","hentry"],"_links":{"self":[{"href":"http:\/\/ubmp-bupb.org\/newsite\/wp-json\/wp\/v2\/pages\/2563","targetHints":{"allow":["GET"]}}],"collection":[{"href":"http:\/\/ubmp-bupb.org\/newsite\/wp-json\/wp\/v2\/pages"}],"about":[{"href":"http:\/\/ubmp-bupb.org\/newsite\/wp-json\/wp\/v2\/types\/page"}],"author":[{"embeddable":true,"href":"http:\/\/ubmp-bupb.org\/newsite\/wp-json\/wp\/v2\/users\/1"}],"replies":[{"embeddable":true,"href":"http:\/\/ubmp-bupb.org\/newsite\/wp-json\/wp\/v2\/comments?post=2563"}],"version-history":[{"count":63,"href":"http:\/\/ubmp-bupb.org\/newsite\/wp-json\/wp\/v2\/pages\/2563\/revisions"}],"predecessor-version":[{"id":7772,"href":"http:\/\/ubmp-bupb.org\/newsite\/wp-json\/wp\/v2\/pages\/2563\/revisions\/7772"}],"wp:featuredmedia":[{"embeddable":true,"href":"http:\/\/ubmp-bupb.org\/newsite\/wp-json\/wp\/v2\/media\/4964"}],"wp:attachment":[{"href":"http:\/\/ubmp-bupb.org\/newsite\/wp-json\/wp\/v2\/media?parent=2563"}],"curies":[{"name":"wp","href":"https:\/\/api.w.org\/{rel}","templated":true}]}}