{"id":1824,"date":"2015-02-05T15:15:49","date_gmt":"2015-02-05T14:15:49","guid":{"rendered":"http:\/\/ubmp-bupb.org\/?page_id=1824"},"modified":"2023-04-06T01:51:34","modified_gmt":"2023-04-05T23:51:34","slug":"archives","status":"publish","type":"page","link":"http:\/\/ubmp-bupb.org\/newsite\/fr\/membres\/news\/archives\/","title":{"rendered":"Archives"},"content":{"rendered":"\n<p>Le premier num\u00e9ro de la NewsLetter de l\u2019Union Belge des M\u00e9diateurs Professionnels est paru pour la premi\u00e8re fois au printemps 2011.<br>Cliquez sur l&#8217;ic\u00f4ne pour consulter les anciens num\u00e9ros qui vous int\u00e9ressent.<\/p>\n\n\n\n\n\n\n\n\n\n\n\n\n\n\n\n\n\n\n\n\n\n\n\n\n\n\n\n\n\n\n\n\n\n\n\n\n\n\n\n\n\n\n\n\n\n\n\n\n\n\n\n\n\n\n\n\n\n\n\n\n\n\n\n\n\n\n\n\n\n\n\n\n\n\n\n\n\n\n\n\n","protected":false},"excerpt":{"rendered":"<p>Le premier num\u00e9ro de la NewsLetter de l\u2019Union Belge des M\u00e9diateurs Professionnels est paru pour la premi\u00e8re fois au printemps 2011.Cliquez sur l&#8217;ic\u00f4ne pour consulter les anciens num\u00e9ros qui vous int\u00e9ressent.<\/p>\n","protected":false},"author":1,"featured_media":0,"parent":157,"menu_order":0,"comment_status":"open","ping_status":"open","template":"","meta":{"_cbd_carousel_blocks":"[]","footnotes":""},"class_list":["post-1824","page","type-page","status-publish","hentry"],"_links":{"self":[{"href":"http:\/\/ubmp-bupb.org\/newsite\/wp-json\/wp\/v2\/pages\/1824","targetHints":{"allow":["GET"]}}],"collection":[{"href":"http:\/\/ubmp-bupb.org\/newsite\/wp-json\/wp\/v2\/pages"}],"about":[{"href":"http:\/\/ubmp-bupb.org\/newsite\/wp-json\/wp\/v2\/types\/page"}],"author":[{"embeddable":true,"href":"http:\/\/ubmp-bupb.org\/newsite\/wp-json\/wp\/v2\/users\/1"}],"replies":[{"embeddable":true,"href":"http:\/\/ubmp-bupb.org\/newsite\/wp-json\/wp\/v2\/comments?post=1824"}],"version-history":[{"count":47,"href":"http:\/\/ubmp-bupb.org\/newsite\/wp-json\/wp\/v2\/pages\/1824\/revisions"}],"predecessor-version":[{"id":7499,"href":"http:\/\/ubmp-bupb.org\/newsite\/wp-json\/wp\/v2\/pages\/1824\/revisions\/7499"}],"up":[{"embeddable":true,"href":"http:\/\/ubmp-bupb.org\/newsite\/wp-json\/wp\/v2\/pages\/157"}],"wp:attachment":[{"href":"http:\/\/ubmp-bupb.org\/newsite\/wp-json\/wp\/v2\/media?parent=1824"}],"curies":[{"name":"wp","href":"https:\/\/api.w.org\/{rel}","templated":true}]}}