{"id":1636,"date":"2014-06-11T12:07:15","date_gmt":"2014-06-11T10:07:15","guid":{"rendered":"http:\/\/ubmp-bupb.org\/?page_id=1636"},"modified":"2020-04-18T16:23:44","modified_gmt":"2020-04-18T14:23:44","slug":"federation-mediateurs-quartier-francophones","status":"publish","type":"page","link":"http:\/\/ubmp-bupb.org\/newsite\/fr\/public\/partenaires-ubmp\/federation-mediateurs-quartier-francophones\/","title":{"rendered":"La F\u00e9d\u00e9ration des M\u00e9diateurs de Quartier Francophones"},"content":{"rendered":"\n<p><strong>La F\u00e9d\u00e9ration des M\u00e9diateurs de Quartier Francophones a vu le jour en juin 2004. Elle tient, aujourd\u2019hui, \u00e0 faire mieux conna\u00eetre ce groupe sp\u00e9cifique dont le champ d\u2019action recouvre la m\u00e9diation dite \u00ab de quartier \u00bb. La F\u00e9d\u00e9ration grandit au fil de la cr\u00e9ation de services de m\u00e9diation de quartier en Wallonie et \u00e0 Bruxelles et de leur adh\u00e9sion au groupe.<\/strong><\/p>\n\n\n\n<p>La FMQF compte, en 2014, 22 services en son sein.<\/p>\n\n\n\n<p>La F\u00e9d\u00e9ration \u00e9volue continuellement et sa demande de reconnaissance officielle est apparue comme \u00e9vidente dans son processus de d\u00e9veloppement.<\/p>\n\n\n\n<p>La FMQF est un des r\u00e9seaux du Forum Belge pour la Pr\u00e9vention et la S\u00e9curit\u00e9 Urbaine. Le FBPSU est une association de villes et communes (repr\u00e9sent\u00e9es par leur Bourgmestre) au service des autorit\u00e9s locales et de la d\u00e9mocratie. Cr\u00e9\u00e9 en 1995, \u00e0 l\u2019initiative des Bourgmestres des 5 grandes villes (Anvers, Gand, Bruxelles, Charleroi, Li\u00e8ge). Il compte en 2014 88 membres.<\/p>\n\n\n\n<p>Le FBPSU soutient des r\u00e9seaux de r\u00e9flexion et d\u2019\u00e9changes de bonnes pratiques, r\u00e9gionaux et\/ou th\u00e9matiques, pour les professionnels: la pr\u00e9sente publication est le fruit de deux ann\u00e9es de travail des services de m\u00e9diation de quartier regroup\u00e9s au sein de la \u00ab F\u00e9d\u00e9ration des M\u00e9diateurs de Quartier Francophone \u00bb dont les \u00e9changes sur diff\u00e9rents aspects de la m\u00e9diation de quartier (d\u00e9finitions, missions, actions, indicateurs d\u2019\u00e9valuation, \u00e9thique&#8230;) ont permis de mettre en \u00e9vidence les d\u00e9nominateurs communs des diff\u00e9rentes communes participantes.<\/p>\n\n\n\n<div class=\"wp-block-button aligncenter\"><a class=\"wp-block-button__link\" href=\"http:\/\/ubmp-bupb.org\/documents\/pdf\/Brochure FMQF.pdf \">T\u00e9l\u00e9charger le folder<\/a><\/div>\n\n\n\n<p><\/p>\n\n\n\n<h5 class=\"wp-block-heading\">Les objectifs de cette brochure<\/h5>\n\n\n\n<ul class=\"wp-block-list\"><li>Faire conna\u00eetre la m\u00e9diation de quartier<\/li><li>Faire conna\u00eetre le m\u00e9tier du m\u00e9diateur<\/li><li>Faire reconna\u00eetre la f\u00e9d\u00e9ration LA M\u00c9DIATION<\/li><li>L\u2019esprit de la m\u00e9diation<\/li><li>Une d\u00e9finition de la m\u00e9diation LA M\u00c9DIATION DE QUARTIER<\/li><li>Les avantages et la sp\u00e9cificit\u00e9 de la m\u00e9diation de quartier<\/li><\/ul>\n\n\n\n<h5 class=\"wp-block-heading\">Le m\u00e9diateur<\/h5>\n\n\n\n<ul class=\"wp-block-list\"><li>Le r\u00f4le du m\u00e9diateur<\/li><li>Sa d\u00e9ontologie<\/li><li>Sa formation<\/li><\/ul>\n\n\n\n<h5 class=\"wp-block-heading\">La F\u00e9d\u00e9ration des M\u00e9diateurs de Quartier Francophones<\/h5>\n\n\n\n<ul class=\"wp-block-list\"><li>Historique<\/li><li>Finalit\u00e9 et objectifs<\/li><li>Fonctionnement<\/li><\/ul>\n\n\n\n<h5 class=\"wp-block-heading\">M\u00e9thodologie des m\u00e9diateurs de quartier<\/h5>\n\n\n\n<ul class=\"wp-block-list\"><li>Processus de m\u00e9diation directe<\/li><li>Processus de m\u00e9diation indirecte<\/li><li>M\u00e9thodes et techniques utilis\u00e9es en m\u00e9diation<\/li><\/ul>\n\n\n\n<h5 class=\"wp-block-heading\">Liste des services<\/h5>\n","protected":false},"excerpt":{"rendered":"<p>La F\u00e9d\u00e9ration des M\u00e9diateurs de Quartier Francophones a vu le jour en juin 2004. Elle tient, aujourd\u2019hui, \u00e0 faire mieux conna\u00eetre ce groupe sp\u00e9cifique dont le champ d\u2019action recouvre la m\u00e9diation dite \u00ab de quartier \u00bb. La F\u00e9d\u00e9ration grandit au &hellip; <a href=\"http:\/\/ubmp-bupb.org\/newsite\/fr\/public\/partenaires-ubmp\/federation-mediateurs-quartier-francophones\/\">Lees verder <span class=\"meta-nav\">&rarr;<\/span><\/a><\/p>\n","protected":false},"author":1,"featured_media":0,"parent":1645,"menu_order":0,"comment_status":"open","ping_status":"open","template":"","meta":{"_cbd_carousel_blocks":"[]","footnotes":""},"class_list":["post-1636","page","type-page","status-publish","hentry"],"_links":{"self":[{"href":"http:\/\/ubmp-bupb.org\/newsite\/wp-json\/wp\/v2\/pages\/1636","targetHints":{"allow":["GET"]}}],"collection":[{"href":"http:\/\/ubmp-bupb.org\/newsite\/wp-json\/wp\/v2\/pages"}],"about":[{"href":"http:\/\/ubmp-bupb.org\/newsite\/wp-json\/wp\/v2\/types\/page"}],"author":[{"embeddable":true,"href":"http:\/\/ubmp-bupb.org\/newsite\/wp-json\/wp\/v2\/users\/1"}],"replies":[{"embeddable":true,"href":"http:\/\/ubmp-bupb.org\/newsite\/wp-json\/wp\/v2\/comments?post=1636"}],"version-history":[{"count":11,"href":"http:\/\/ubmp-bupb.org\/newsite\/wp-json\/wp\/v2\/pages\/1636\/revisions"}],"predecessor-version":[{"id":5712,"href":"http:\/\/ubmp-bupb.org\/newsite\/wp-json\/wp\/v2\/pages\/1636\/revisions\/5712"}],"up":[{"embeddable":true,"href":"http:\/\/ubmp-bupb.org\/newsite\/wp-json\/wp\/v2\/pages\/1645"}],"wp:attachment":[{"href":"http:\/\/ubmp-bupb.org\/newsite\/wp-json\/wp\/v2\/media?parent=1636"}],"curies":[{"name":"wp","href":"https:\/\/api.w.org\/{rel}","templated":true}]}}