{"id":1606,"date":"2014-06-04T11:55:27","date_gmt":"2014-06-04T09:55:27","guid":{"rendered":"http:\/\/ubmp-bupb.org\/?page_id=1606"},"modified":"2025-04-28T20:10:42","modified_gmt":"2025-04-28T18:10:42","slug":"cellules-reflexion-action","status":"publish","type":"page","link":"http:\/\/ubmp-bupb.org\/newsite\/fr\/membres\/services\/cellules-reflexion-action\/","title":{"rendered":"Cellules de r\u00e9flexion et d&#8217;action de l&#8217;UBMP"},"content":{"rendered":"\n<figure class=\"wp-block-image\"><img loading=\"lazy\" decoding=\"async\" width=\"584\" height=\"192\" src=\"https:\/\/i0.wp.com\/ubmp-bupb.org\/newsite\/wp-content\/uploads\/2019\/11\/intervision.jpg?resize=584%2C192\" alt=\"\" class=\"wp-image-4964\" srcset=\"https:\/\/i0.wp.com\/ubmp-bupb.org\/newsite\/wp-content\/uploads\/2019\/11\/intervision.jpg?resize=1024%2C336 1024w, https:\/\/i0.wp.com\/ubmp-bupb.org\/newsite\/wp-content\/uploads\/2019\/11\/intervision.jpg?resize=300%2C99 300w, https:\/\/i0.wp.com\/ubmp-bupb.org\/newsite\/wp-content\/uploads\/2019\/11\/intervision.jpg?resize=768%2C252 768w, https:\/\/i0.wp.com\/ubmp-bupb.org\/newsite\/wp-content\/uploads\/2019\/11\/intervision.jpg?resize=600%2C197 600w, https:\/\/i0.wp.com\/ubmp-bupb.org\/newsite\/wp-content\/uploads\/2019\/11\/intervision.jpg?w=1200 1200w\" sizes=\"auto, (max-width: 584px) 100vw, 584px\" data-recalc-dims=\"1\" \/><\/figure>\n\n\n\n<h4 class=\"wp-block-heading\">AXES PRINCIPAUX D\u2019ACTIONS DE L\u2019UBMP <\/h4>\n\n\n\n<ul class=\"wp-block-list\">\n<li>D\u00e9fendre et prot\u00e9ger la profession en associant tous les m\u00e9diateurs ;<\/li>\n\n\n\n<li>Assurer une visibilit\u00e9 de la profession aupr\u00e8s des pouvoirs publics ;<\/li>\n\n\n\n<li>Regrouper et unir les m\u00e9diateurs professionnels des divers champs de pratique ;<\/li>\n\n\n\n<li>Promouvoir la m\u00e9diation aupr\u00e8s du public, des pouvoirs politiques et informer.<\/li>\n<\/ul>\n\n\n\n<p><strong>C&#8217;est-\u00e0-dire faire conna\u00eetre la m\u00e9diation et ses&nbsp;diff\u00e9rents champs de pratique aupr\u00e8s des \u00e9coles, du grand public, des d\u00e9cideurs, des m\u00e9dias\u2026<\/strong><\/p>\n\n\n\n<h4 class=\"wp-block-heading\">PARTICIPEZ A NOS REUNIONS<\/h4>\n\n\n\n<p> Contactez le responsable via email: <a href=\"mailto:contact@ubmp-bupb.org\">contact@ubmp-bupb.org<\/a><\/p>\n\n\n\n<h4 class=\"wp-block-heading\">SERVICES AUX MEMBRES<\/h4>\n\n\n\n<p>Contactez le responsable via email: <a href=\"mailto:contact@ubmp-bupb.org\">contact@ubmp-bupb.org<\/a> <\/p>\n\n\n\n<h4 class=\"wp-block-heading\">&nbsp;<\/h4>\n","protected":false},"excerpt":{"rendered":"<p>AXES PRINCIPAUX D\u2019ACTIONS DE L\u2019UBMP C&#8217;est-\u00e0-dire faire conna\u00eetre la m\u00e9diation et ses&nbsp;diff\u00e9rents champs de pratique aupr\u00e8s des \u00e9coles, du grand public, des d\u00e9cideurs, des m\u00e9dias\u2026 PARTICIPEZ A NOS REUNIONS Contactez le responsable via email: contact@ubmp-bupb.org SERVICES AUX MEMBRES Contactez le &hellip; <a href=\"http:\/\/ubmp-bupb.org\/newsite\/fr\/membres\/services\/cellules-reflexion-action\/\">Lees verder <span class=\"meta-nav\">&rarr;<\/span><\/a><\/p>\n","protected":false},"author":1,"featured_media":0,"parent":30,"menu_order":0,"comment_status":"open","ping_status":"open","template":"","meta":{"_cbd_carousel_blocks":"[]","footnotes":""},"class_list":["post-1606","page","type-page","status-publish","hentry"],"_links":{"self":[{"href":"http:\/\/ubmp-bupb.org\/newsite\/wp-json\/wp\/v2\/pages\/1606","targetHints":{"allow":["GET"]}}],"collection":[{"href":"http:\/\/ubmp-bupb.org\/newsite\/wp-json\/wp\/v2\/pages"}],"about":[{"href":"http:\/\/ubmp-bupb.org\/newsite\/wp-json\/wp\/v2\/types\/page"}],"author":[{"embeddable":true,"href":"http:\/\/ubmp-bupb.org\/newsite\/wp-json\/wp\/v2\/users\/1"}],"replies":[{"embeddable":true,"href":"http:\/\/ubmp-bupb.org\/newsite\/wp-json\/wp\/v2\/comments?post=1606"}],"version-history":[{"count":24,"href":"http:\/\/ubmp-bupb.org\/newsite\/wp-json\/wp\/v2\/pages\/1606\/revisions"}],"predecessor-version":[{"id":7934,"href":"http:\/\/ubmp-bupb.org\/newsite\/wp-json\/wp\/v2\/pages\/1606\/revisions\/7934"}],"up":[{"embeddable":true,"href":"http:\/\/ubmp-bupb.org\/newsite\/wp-json\/wp\/v2\/pages\/30"}],"wp:attachment":[{"href":"http:\/\/ubmp-bupb.org\/newsite\/wp-json\/wp\/v2\/media?parent=1606"}],"curies":[{"name":"wp","href":"https:\/\/api.w.org\/{rel}","templated":true}]}}