{"id":157,"date":"2018-01-21T21:00:35","date_gmt":"2018-01-21T20:00:35","guid":{"rendered":"http:\/\/ubmp.follow-us.eu\/?page_id=157"},"modified":"2021-02-24T18:49:29","modified_gmt":"2021-02-24T17:49:29","slug":"news","status":"publish","type":"page","link":"http:\/\/ubmp-bupb.org\/newsite\/fr\/membres\/news\/","title":{"rendered":"Newsletter"},"content":{"rendered":"\n<figure class=\"wp-block-image\"><img loading=\"lazy\" decoding=\"async\" width=\"584\" height=\"192\" src=\"https:\/\/i0.wp.com\/ubmp-bupb.org\/newsite\/wp-content\/uploads\/2019\/11\/newsletter.jpg?resize=584%2C192\" alt=\"\" class=\"wp-image-4971\" srcset=\"https:\/\/i0.wp.com\/ubmp-bupb.org\/newsite\/wp-content\/uploads\/2019\/11\/newsletter.jpg?resize=1024%2C336 1024w, https:\/\/i0.wp.com\/ubmp-bupb.org\/newsite\/wp-content\/uploads\/2019\/11\/newsletter.jpg?resize=300%2C99 300w, https:\/\/i0.wp.com\/ubmp-bupb.org\/newsite\/wp-content\/uploads\/2019\/11\/newsletter.jpg?resize=768%2C252 768w, https:\/\/i0.wp.com\/ubmp-bupb.org\/newsite\/wp-content\/uploads\/2019\/11\/newsletter.jpg?resize=600%2C197 600w, https:\/\/i0.wp.com\/ubmp-bupb.org\/newsite\/wp-content\/uploads\/2019\/11\/newsletter.jpg?w=1200 1200w\" sizes=\"auto, (max-width: 584px) 100vw, 584px\" data-recalc-dims=\"1\" \/><\/figure>\n\n\n\n<p>Le premier num\u00e9ro de la NewsLetter de l\u2019Union Belge des M\u00e9diateurs Professionnels est paru au printemps 2011.&nbsp;Ce trimestriel se veut le t\u00e9moin de nos r\u00e9alit\u00e9s plurielles et de nos r\u00e9flexions multiples. <\/p>\n\n\n\n<p>Notre \u00e9tonnante disparit\u00e9 cr\u00e9e une dynamique hors du commun. La r\u00e9daction d&#8217;une lettre d&#8217;information \u00e0 l&#8217;UBMP-BUPB-BUPM coule de source pour encourager les m\u00e9diateurs de toutes sp\u00e9cificit\u00e9s \u00e0 \u00e9tablir des liens et \u00e0 faire conna\u00eetre leur m\u00e9tier dans toutes les langues et dans tous les champs. <\/p>\n\n\n\n<p>Cette newsletter offre un espace de r\u00e9flexion, qui peut se d\u00e9velopper gr\u00e2ce aux&nbsp; contributions de chacun. Vous trouverez ci-dessous nos newsletters. Pour les plus anciennes, voir les <a href=\"http:\/\/ubmp-bupb.org\/newsite\/membres\/news\/archives\/\">Archives<\/a>.<\/p>\n\n\n\n\n\n\n\n\n\n\n","protected":false},"excerpt":{"rendered":"<p>Le premier num\u00e9ro de la NewsLetter de l\u2019Union Belge des M\u00e9diateurs Professionnels est paru au printemps 2011.&nbsp;Ce trimestriel se veut le t\u00e9moin de nos r\u00e9alit\u00e9s plurielles et de nos r\u00e9flexions multiples. Notre \u00e9tonnante disparit\u00e9 cr\u00e9e une dynamique hors du commun. &hellip; <a href=\"http:\/\/ubmp-bupb.org\/newsite\/fr\/membres\/news\/\">Lees verder <span class=\"meta-nav\">&rarr;<\/span><\/a><\/p>\n","protected":false},"author":1,"featured_media":0,"parent":33,"menu_order":0,"comment_status":"closed","ping_status":"open","template":"","meta":{"_cbd_carousel_blocks":"[]","footnotes":""},"class_list":["post-157","page","type-page","status-publish","hentry"],"_links":{"self":[{"href":"http:\/\/ubmp-bupb.org\/newsite\/wp-json\/wp\/v2\/pages\/157","targetHints":{"allow":["GET"]}}],"collection":[{"href":"http:\/\/ubmp-bupb.org\/newsite\/wp-json\/wp\/v2\/pages"}],"about":[{"href":"http:\/\/ubmp-bupb.org\/newsite\/wp-json\/wp\/v2\/types\/page"}],"author":[{"embeddable":true,"href":"http:\/\/ubmp-bupb.org\/newsite\/wp-json\/wp\/v2\/users\/1"}],"replies":[{"embeddable":true,"href":"http:\/\/ubmp-bupb.org\/newsite\/wp-json\/wp\/v2\/comments?post=157"}],"version-history":[{"count":349,"href":"http:\/\/ubmp-bupb.org\/newsite\/wp-json\/wp\/v2\/pages\/157\/revisions"}],"predecessor-version":[{"id":7075,"href":"http:\/\/ubmp-bupb.org\/newsite\/wp-json\/wp\/v2\/pages\/157\/revisions\/7075"}],"up":[{"embeddable":true,"href":"http:\/\/ubmp-bupb.org\/newsite\/wp-json\/wp\/v2\/pages\/33"}],"wp:attachment":[{"href":"http:\/\/ubmp-bupb.org\/newsite\/wp-json\/wp\/v2\/media?parent=157"}],"curies":[{"name":"wp","href":"https:\/\/api.w.org\/{rel}","templated":true}]}}