{"id":1305,"date":"2013-12-15T21:00:54","date_gmt":"2013-12-15T20:00:54","guid":{"rendered":"http:\/\/ubmp-bupb.org\/?page_id=1305"},"modified":"2020-05-06T11:43:25","modified_gmt":"2020-05-06T09:43:25","slug":"quelle-mediation-choisir","status":"publish","type":"page","link":"http:\/\/ubmp-bupb.org\/newsite\/fr\/public\/quelle-mediation-choisir\/","title":{"rendered":"Quelle m\u00e9diation choisir ?"},"content":{"rendered":"\n\n\n\n\n\n\n\n\n\n\n\n\n\n\n\n\n\n\n\n\n<h3 class=\"wp-block-heading\">Qu&#8217;est-ce un m\u00e9diateur ?<\/h3>\n\n\n\n<p>Ces fiches reprennent une multitude de situations o\u00f9 la m\u00e9diation peut \u00eatre utile. Leur lecture r\u00e9v\u00e8le \u00e9galement la diversit\u00e9 des contextes de travail et des champs d\u2019intervention du m\u00e9diateur.<\/p>\n\n\n\n<p>Ind\u00e9pendant, salari\u00e9, fonctionnaire, mandat\u00e9, agr\u00e9\u00e9 ou non, parfois b\u00e9n\u00e9vole, il travaille dans un contexte judiciaire, dans une administration publique, une entreprise, une \u00e9cole, une ville ou une commune o\u00f9 il intervient dans le contexte du travail social.<\/p>\n\n\n\n<p>Il est m\u00e9diateur \u00ab \u00e0 plein temps \u00bb, \u00e0 temps partiel ou \u00e0 titre compl\u00e9mentaire : comme profession lib\u00e9rale ou dans un poste subsidi\u00e9.<\/p>\n\n\n\n<p>Il s\u2019est form\u00e9 : dipl\u00f4m\u00e9 d\u2019un post graduat en m\u00e9diation ou d\u2019un master europ\u00e9en en m\u00e9diation ou bien il a obtenu un certificat universitaire, suivi une formation priv\u00e9e ou encore il a b\u00e9n\u00e9fici\u00e9 de cours int\u00e9gr\u00e9s \u00e0 sa formation de base.<\/p>\n\n\n\n<p>Il a choisi d\u2019exercer ce m\u00e9tier, ou bien il est devenu m\u00e9diateur parce que l\u2019autorit\u00e9 dont il d\u00e9pend l\u2019a charg\u00e9 de cette mission, lui laissant souvent l\u2019initiative de sa formation. Parfois, il est appel\u00e9 m\u00e9diateur sans en avoir les outils et le positionnement.<\/p>\n\n\n\n<p>Il est m\u00e9diateur g\u00e9n\u00e9raliste, sp\u00e9cialiste du processus, et\/ou il exerce une autre profession: avocat, psychologue, architecte, assureur\u2026 et propose la m\u00e9diation dans le champ de comp\u00e9tence de son activit\u00e9 professionnelle.<\/p>\n\n\n\n<p>Il fait partie d\u2019une plateforme, d\u2019une f\u00e9d\u00e9ration, d\u2019une association de m\u00e9diateurs intervenant dans un m\u00eame champ : familial, local, de quartier\u2026 et\/ou il s\u2019engage au sein d\u2019une union professionnelle. Il multiplie formations, intervisions, supervisions.<\/p>\n\n\n\n<p>Il exerce dans le cadre d\u2019une loi, d\u2019un d\u00e9cret, d\u2019une circulaire\u2026\u00e9manant d\u2019un pouvoir f\u00e9d\u00e9ral, r\u00e9gional, communal\u2026 Son travail est balis\u00e9 par le cahier des charges d\u2019un pouvoir subsidiant. Parfois, il est seul ma\u00eetre \u00e0 bord.<\/p>\n\n\n\n<p>Avec \u00e9tonnement et impuissance, il assiste \u00e0 l\u2019utilisation tous azimuts du terme m\u00e9diation \u00ab \u2026<em>qui doit probablement son succ\u00e8s \u00e0 son impr\u00e9cision. \u00bb<sup>1<\/sup>&nbsp;:&nbsp;<\/em>m\u00e9diation des apprentissages, m\u00e9diation th\u00e9rapeutique, m\u00e9diation culturelle\u2026 et \u00e0 la confusion que cela induit dans le grand public.<\/p>\n\n\n\n<p>C\u2019est au c\u0153ur de cette diversit\u00e9 que le m\u00e9diateur veut exercer sa profession et qu\u2019elle soit reconnue. L\u2019Union Belge des M\u00e9diateurs Professionnels travaille \u00e0 cette reconnaissance.<\/p>\n\n\n\n<p>Contacts :&nbsp;<a href=\"http:\/\/ubmp-bupb.org\/fr\/contact\/\">www.ubmp-bupb.org<\/a><\/p>\n\n\n\n<p>1\/ Jacques Faget,&nbsp;<em>M\u00e9diations : \u201cLes ateliers silencieux de la d\u00e9mocratie\u201d&nbsp;&nbsp;<\/em>Toulouse, Er\u00e8s, coll. \u00ab Trajets \u00bb, 2010<\/p>\n\n\n\n<p><\/p>\n","protected":false},"excerpt":{"rendered":"<p>Qu&#8217;est-ce un m\u00e9diateur ? Ces fiches reprennent une multitude de situations o\u00f9 la m\u00e9diation peut \u00eatre utile. Leur lecture r\u00e9v\u00e8le \u00e9galement la diversit\u00e9 des contextes de travail et des champs d\u2019intervention du m\u00e9diateur. Ind\u00e9pendant, salari\u00e9, fonctionnaire, mandat\u00e9, agr\u00e9\u00e9 ou non, &hellip; <a href=\"http:\/\/ubmp-bupb.org\/newsite\/fr\/public\/quelle-mediation-choisir\/\">Lees verder <span class=\"meta-nav\">&rarr;<\/span><\/a><\/p>\n","protected":false},"author":1,"featured_media":4949,"parent":365,"menu_order":0,"comment_status":"open","ping_status":"open","template":"","meta":{"_cbd_carousel_blocks":"[]","footnotes":""},"class_list":["post-1305","page","type-page","status-publish","has-post-thumbnail","hentry"],"_links":{"self":[{"href":"http:\/\/ubmp-bupb.org\/newsite\/wp-json\/wp\/v2\/pages\/1305","targetHints":{"allow":["GET"]}}],"collection":[{"href":"http:\/\/ubmp-bupb.org\/newsite\/wp-json\/wp\/v2\/pages"}],"about":[{"href":"http:\/\/ubmp-bupb.org\/newsite\/wp-json\/wp\/v2\/types\/page"}],"author":[{"embeddable":true,"href":"http:\/\/ubmp-bupb.org\/newsite\/wp-json\/wp\/v2\/users\/1"}],"replies":[{"embeddable":true,"href":"http:\/\/ubmp-bupb.org\/newsite\/wp-json\/wp\/v2\/comments?post=1305"}],"version-history":[{"count":67,"href":"http:\/\/ubmp-bupb.org\/newsite\/wp-json\/wp\/v2\/pages\/1305\/revisions"}],"predecessor-version":[{"id":5983,"href":"http:\/\/ubmp-bupb.org\/newsite\/wp-json\/wp\/v2\/pages\/1305\/revisions\/5983"}],"up":[{"embeddable":true,"href":"http:\/\/ubmp-bupb.org\/newsite\/wp-json\/wp\/v2\/pages\/365"}],"wp:featuredmedia":[{"embeddable":true,"href":"http:\/\/ubmp-bupb.org\/newsite\/wp-json\/wp\/v2\/media\/4949"}],"wp:attachment":[{"href":"http:\/\/ubmp-bupb.org\/newsite\/wp-json\/wp\/v2\/media?parent=1305"}],"curies":[{"name":"wp","href":"https:\/\/api.w.org\/{rel}","templated":true}]}}